{"id":656,"date":"2026-04-27T21:36:27","date_gmt":"2026-04-27T19:36:27","guid":{"rendered":"https:\/\/new.boxy.ma\/?post_type=product&#038;p=656"},"modified":"2026-04-27T21:37:26","modified_gmt":"2026-04-27T19:37:26","slug":"boite-menu-enfant-en-carton-2","status":"publish","type":"product","link":"https:\/\/new.boxy.ma\/index.php\/produit\/boite-menu-enfant-en-carton-2\/","title":{"rendered":"Boite Menu enfant en carton"},"content":{"rendered":"<ul>\n<li><strong>Conforme aux normes :<\/strong> CE<\/li>\n<li><strong>Dimensions : <\/strong>165X110X900<\/li>\n<li><strong>Couleur :<\/strong> NEWS PAPER<\/li>\n<li><strong>Mati\u00e8re :<\/strong> CARTON<\/li>\n<li><strong>Carton :<\/strong> 100 unites \u00ab\u00a0<\/li>\n<\/ul>\n","protected":false},"excerpt":{"rendered":"<p>Boites de transport en carton, menu enfant avec d\u00e9cor , 220X160X100mm. Disposant de poign\u00e9es de transport, cet emballage alimentaire recyclable est sp\u00e9cifique \u00e0 la vente \u00e0 emporter . Gr\u00e2ce au d\u00e9cor cirque , les professionnels de la restauration rapide apporteront une touche ludique \u00e0 leur menu enfant&#8230;<\/p>\n","protected":false},"featured_media":353,"comment_status":"open","ping_status":"closed","template":"","meta":[],"product_brand":[],"product_cat":[54],"product_tag":[],"class_list":{"0":"post-656","1":"product","2":"type-product","3":"status-publish","4":"has-post-thumbnail","6":"product_cat-boites-etuis-carton","8":"first","9":"instock","10":"sale","11":"shipping-taxable","12":"purchasable","13":"product-type-simple"},"_links":{"self":[{"href":"https:\/\/new.boxy.ma\/index.php\/wp-json\/wp\/v2\/product\/656","targetHints":{"allow":["GET"]}}],"collection":[{"href":"https:\/\/new.boxy.ma\/index.php\/wp-json\/wp\/v2\/product"}],"about":[{"href":"https:\/\/new.boxy.ma\/index.php\/wp-json\/wp\/v2\/types\/product"}],"replies":[{"embeddable":true,"href":"https:\/\/new.boxy.ma\/index.php\/wp-json\/wp\/v2\/comments?post=656"}],"wp:featuredmedia":[{"embeddable":true,"href":"https:\/\/new.boxy.ma\/index.php\/wp-json\/wp\/v2\/media\/353"}],"wp:attachment":[{"href":"https:\/\/new.boxy.ma\/index.php\/wp-json\/wp\/v2\/media?parent=656"}],"wp:term":[{"taxonomy":"product_brand","embeddable":true,"href":"https:\/\/new.boxy.ma\/index.php\/wp-json\/wp\/v2\/product_brand?post=656"},{"taxonomy":"product_cat","embeddable":true,"href":"https:\/\/new.boxy.ma\/index.php\/wp-json\/wp\/v2\/product_cat?post=656"},{"taxonomy":"product_tag","embeddable":true,"href":"https:\/\/new.boxy.ma\/index.php\/wp-json\/wp\/v2\/product_tag?post=656"}],"curies":[{"name":"wp","href":"https:\/\/api.w.org\/{rel}","templated":true}]}}