{"id":634,"date":"2026-04-27T21:36:04","date_gmt":"2026-04-27T19:36:04","guid":{"rendered":"https:\/\/new.boxy.ma\/?post_type=product&#038;p=634"},"modified":"2026-04-27T21:37:26","modified_gmt":"2026-04-27T19:37:26","slug":"100-gobelets-en-plastique-rouge-180ml","status":"publish","type":"product","link":"https:\/\/new.boxy.ma\/index.php\/produit\/100-gobelets-en-plastique-rouge-180ml\/","title":{"rendered":"100 Gobelets en plastique ROUGE , 180ml"},"content":{"rendered":"<ul>\n<li><strong>Conforme aux normes :<\/strong> CE<\/li>\n<li><strong>Dimensions :<\/strong> 180 ml<\/li>\n<li><strong>Couleur : <\/strong>Rouge<\/li>\n<li><strong>Mati\u00e8re :<\/strong> PLASTIQUE<\/li>\n<li><strong>Carton :<\/strong> 30 PACKS<\/li>\n<\/ul>\n","protected":false},"excerpt":{"rendered":"<p><strong>Ces\u00a0 gobelets en plastique de couleur seront parfaits \u00e0 utiliser lors d&rsquo;un \u00e9v\u00e9nement festif ou lors d&rsquo;une soir\u00e9e estivale ! L&rsquo;utilisation de\u00a0gobelets en plastique de couleur\u00a0peut \u00e9galement contribuer \u00e0 promouvoir l&rsquo;image de marque de la clinique si vous utilisez la couleur qui vous identifie.<\/strong><\/p>\n","protected":false},"featured_media":688,"comment_status":"open","ping_status":"closed","template":"","meta":[],"product_brand":[],"product_cat":[64,55],"product_tag":[],"class_list":{"0":"post-634","1":"product","2":"type-product","3":"status-publish","4":"has-post-thumbnail","6":"product_cat-acces-metiers","7":"product_cat-vaisselle-serviettes","9":"first","10":"instock","11":"sale","12":"shipping-taxable","13":"purchasable","14":"product-type-simple"},"_links":{"self":[{"href":"https:\/\/new.boxy.ma\/index.php\/wp-json\/wp\/v2\/product\/634","targetHints":{"allow":["GET"]}}],"collection":[{"href":"https:\/\/new.boxy.ma\/index.php\/wp-json\/wp\/v2\/product"}],"about":[{"href":"https:\/\/new.boxy.ma\/index.php\/wp-json\/wp\/v2\/types\/product"}],"replies":[{"embeddable":true,"href":"https:\/\/new.boxy.ma\/index.php\/wp-json\/wp\/v2\/comments?post=634"}],"wp:featuredmedia":[{"embeddable":true,"href":"https:\/\/new.boxy.ma\/index.php\/wp-json\/wp\/v2\/media\/688"}],"wp:attachment":[{"href":"https:\/\/new.boxy.ma\/index.php\/wp-json\/wp\/v2\/media?parent=634"}],"wp:term":[{"taxonomy":"product_brand","embeddable":true,"href":"https:\/\/new.boxy.ma\/index.php\/wp-json\/wp\/v2\/product_brand?post=634"},{"taxonomy":"product_cat","embeddable":true,"href":"https:\/\/new.boxy.ma\/index.php\/wp-json\/wp\/v2\/product_cat?post=634"},{"taxonomy":"product_tag","embeddable":true,"href":"https:\/\/new.boxy.ma\/index.php\/wp-json\/wp\/v2\/product_tag?post=634"}],"curies":[{"name":"wp","href":"https:\/\/api.w.org\/{rel}","templated":true}]}}