{"id":631,"date":"2026-04-27T21:36:04","date_gmt":"2026-04-27T19:36:04","guid":{"rendered":"https:\/\/new.boxy.ma\/?post_type=product&#038;p=631"},"modified":"2026-04-27T21:36:38","modified_gmt":"2026-04-27T19:36:38","slug":"100-cuilleres-jetables-en-plastique-noir-17cm","status":"publish","type":"product","link":"https:\/\/new.boxy.ma\/index.php\/produit\/100-cuilleres-jetables-en-plastique-noir-17cm\/","title":{"rendered":"100 Cuill\u00e8res jetables en plastique NOIR 17cm"},"content":{"rendered":"<ul>\n<li><strong>Conforme aux normes :<\/strong> CE<\/li>\n<li><strong>Dimensions : 17 cm<\/strong><\/li>\n<li><strong>Couleur :<\/strong> NOIR<\/li>\n<li><strong>Mati\u00e8re : POLYSTYRENE<\/strong><\/li>\n<li><strong>Carton :<\/strong> 60 unites<\/li>\n<\/ul>\n","protected":false},"excerpt":{"rendered":"<h3>Cuill\u00e8resen plastique NOIR PS (polystyr\u00e8ne), d&rsquo;une longueur de 170 mm.<br \/>\nDestin\u00e9es aux collectivit\u00e9s voire aux professionnels de la restauration souhaitant des\u00a0<strong>couverts r\u00e9utilisables<\/strong>\u00a0\u00e0 la finition soign\u00e9e et \u00e0 la solidit\u00e9 \u00e9prouv\u00e9e.<\/h3>\n","protected":false},"featured_media":681,"comment_status":"open","ping_status":"closed","template":"","meta":[],"product_brand":[],"product_cat":[55],"product_tag":[],"class_list":{"0":"post-631","1":"product","2":"type-product","3":"status-publish","4":"has-post-thumbnail","6":"product_cat-vaisselle-serviettes","8":"first","9":"instock","10":"sale","11":"shipping-taxable","12":"purchasable","13":"product-type-simple"},"_links":{"self":[{"href":"https:\/\/new.boxy.ma\/index.php\/wp-json\/wp\/v2\/product\/631","targetHints":{"allow":["GET"]}}],"collection":[{"href":"https:\/\/new.boxy.ma\/index.php\/wp-json\/wp\/v2\/product"}],"about":[{"href":"https:\/\/new.boxy.ma\/index.php\/wp-json\/wp\/v2\/types\/product"}],"replies":[{"embeddable":true,"href":"https:\/\/new.boxy.ma\/index.php\/wp-json\/wp\/v2\/comments?post=631"}],"wp:featuredmedia":[{"embeddable":true,"href":"https:\/\/new.boxy.ma\/index.php\/wp-json\/wp\/v2\/media\/681"}],"wp:attachment":[{"href":"https:\/\/new.boxy.ma\/index.php\/wp-json\/wp\/v2\/media?parent=631"}],"wp:term":[{"taxonomy":"product_brand","embeddable":true,"href":"https:\/\/new.boxy.ma\/index.php\/wp-json\/wp\/v2\/product_brand?post=631"},{"taxonomy":"product_cat","embeddable":true,"href":"https:\/\/new.boxy.ma\/index.php\/wp-json\/wp\/v2\/product_cat?post=631"},{"taxonomy":"product_tag","embeddable":true,"href":"https:\/\/new.boxy.ma\/index.php\/wp-json\/wp\/v2\/product_tag?post=631"}],"curies":[{"name":"wp","href":"https:\/\/api.w.org\/{rel}","templated":true}]}}