{"id":625,"date":"2026-04-27T21:36:04","date_gmt":"2026-04-27T19:36:04","guid":{"rendered":"https:\/\/new.boxy.ma\/?post_type=product&#038;p=625"},"modified":"2026-04-27T21:36:32","modified_gmt":"2026-04-27T19:36:32","slug":"1000-agitateurs-a-cafe-en-bois-biodegradables-110x6x1-5-mm","status":"publish","type":"product","link":"https:\/\/new.boxy.ma\/index.php\/produit\/1000-agitateurs-a-cafe-en-bois-biodegradables-110x6x1-5-mm\/","title":{"rendered":"1000 Agitateurs \u00e0 caf\u00e9 en bois  Biod\u00e9gradables 110x6x1.5 mm"},"content":{"rendered":"<ul>\n<li><strong>Conforme aux normes :<\/strong> CE<\/li>\n<li><strong>Dimensions : 110x6x1.5 mm<\/strong><\/li>\n<li><strong>Couleur :<\/strong> Bois Nature<\/li>\n<li><strong>Mati\u00e8re :<\/strong> Bois 100% naturel<\/li>\n<li><strong>Carton :<\/strong> 1000 unites<\/li>\n<\/ul>\n","protected":false},"excerpt":{"rendered":"<h3>Ces agitateurs sont en bois et le bois,<strong>\u00a0c&rsquo;est non polluant et 100 % biod\u00e9gradable !\u00a0<\/strong>Souples au toucher, chaleureux, \u00e9cologiques, franchement, ces agitateurs ont vraiment tout pour plaire.<\/h3>\n","protected":false},"featured_media":671,"comment_status":"open","ping_status":"closed","template":"","meta":[],"product_brand":[],"product_cat":[56,55],"product_tag":[],"class_list":{"0":"post-625","1":"product","2":"type-product","3":"status-publish","4":"has-post-thumbnail","6":"product_cat-emballages-ecologiques","7":"product_cat-vaisselle-serviettes","9":"first","10":"instock","11":"sale","12":"shipping-taxable","13":"purchasable","14":"product-type-simple"},"_links":{"self":[{"href":"https:\/\/new.boxy.ma\/index.php\/wp-json\/wp\/v2\/product\/625","targetHints":{"allow":["GET"]}}],"collection":[{"href":"https:\/\/new.boxy.ma\/index.php\/wp-json\/wp\/v2\/product"}],"about":[{"href":"https:\/\/new.boxy.ma\/index.php\/wp-json\/wp\/v2\/types\/product"}],"replies":[{"embeddable":true,"href":"https:\/\/new.boxy.ma\/index.php\/wp-json\/wp\/v2\/comments?post=625"}],"wp:featuredmedia":[{"embeddable":true,"href":"https:\/\/new.boxy.ma\/index.php\/wp-json\/wp\/v2\/media\/671"}],"wp:attachment":[{"href":"https:\/\/new.boxy.ma\/index.php\/wp-json\/wp\/v2\/media?parent=625"}],"wp:term":[{"taxonomy":"product_brand","embeddable":true,"href":"https:\/\/new.boxy.ma\/index.php\/wp-json\/wp\/v2\/product_brand?post=625"},{"taxonomy":"product_cat","embeddable":true,"href":"https:\/\/new.boxy.ma\/index.php\/wp-json\/wp\/v2\/product_cat?post=625"},{"taxonomy":"product_tag","embeddable":true,"href":"https:\/\/new.boxy.ma\/index.php\/wp-json\/wp\/v2\/product_tag?post=625"}],"curies":[{"name":"wp","href":"https:\/\/api.w.org\/{rel}","templated":true}]}}