{"id":623,"date":"2026-04-27T21:36:04","date_gmt":"2026-04-27T19:36:04","guid":{"rendered":"https:\/\/new.boxy.ma\/?post_type=product&#038;p=623"},"modified":"2026-04-27T21:36:32","modified_gmt":"2026-04-27T19:36:32","slug":"sac-a-fond-carre-en-papier-kraft-sans-poignee-8x18x30cm-par-2-5-kg","status":"publish","type":"product","link":"https:\/\/new.boxy.ma\/index.php\/produit\/sac-a-fond-carre-en-papier-kraft-sans-poignee-8x18x30cm-par-2-5-kg\/","title":{"rendered":"Sac \u00e0 fond carr\u00e9 En Papier Kraft Sans Poign\u00e9e ,8x18x30cm ,Par 2.5 KG"},"content":{"rendered":"<ul>\n<li><strong>Conforme aux normes:<\/strong> CE.<\/li>\n<li><strong>Dimensions:<\/strong> 80x180x300 mm.<\/li>\n<li><strong>Couleur:<\/strong> Marron,<\/li>\n<li><strong>Mati\u00e8re:<\/strong> Kraft.<\/li>\n<li><strong>Carton:<\/strong> 2,5 Kg.<\/li>\n<\/ul>\n","protected":false},"excerpt":{"rendered":"<p>Sacs papier \u00e0\u00a0fond carr\u00e9 sans poign\u00e9es pour vente \u00e0 emporter pratique et \u00e9conomique<\/p>\n","protected":false},"featured_media":668,"comment_status":"open","ping_status":"closed","template":"","meta":[],"product_brand":[],"product_cat":[56,39],"product_tag":[40,41,42,43],"class_list":{"0":"post-623","1":"product","2":"type-product","3":"status-publish","4":"has-post-thumbnail","6":"product_cat-emballages-ecologiques","7":"product_cat-sacs-sachets","8":"product_tag-emballage","9":"product_tag-envases","10":"product_tag-packaging","11":"product_tag-sacskraft","13":"first","14":"instock","15":"sale","16":"shipping-taxable","17":"purchasable","18":"product-type-simple"},"_links":{"self":[{"href":"https:\/\/new.boxy.ma\/index.php\/wp-json\/wp\/v2\/product\/623","targetHints":{"allow":["GET"]}}],"collection":[{"href":"https:\/\/new.boxy.ma\/index.php\/wp-json\/wp\/v2\/product"}],"about":[{"href":"https:\/\/new.boxy.ma\/index.php\/wp-json\/wp\/v2\/types\/product"}],"replies":[{"embeddable":true,"href":"https:\/\/new.boxy.ma\/index.php\/wp-json\/wp\/v2\/comments?post=623"}],"wp:featuredmedia":[{"embeddable":true,"href":"https:\/\/new.boxy.ma\/index.php\/wp-json\/wp\/v2\/media\/668"}],"wp:attachment":[{"href":"https:\/\/new.boxy.ma\/index.php\/wp-json\/wp\/v2\/media?parent=623"}],"wp:term":[{"taxonomy":"product_brand","embeddable":true,"href":"https:\/\/new.boxy.ma\/index.php\/wp-json\/wp\/v2\/product_brand?post=623"},{"taxonomy":"product_cat","embeddable":true,"href":"https:\/\/new.boxy.ma\/index.php\/wp-json\/wp\/v2\/product_cat?post=623"},{"taxonomy":"product_tag","embeddable":true,"href":"https:\/\/new.boxy.ma\/index.php\/wp-json\/wp\/v2\/product_tag?post=623"}],"curies":[{"name":"wp","href":"https:\/\/api.w.org\/{rel}","templated":true}]}}