{"id":620,"date":"2026-04-27T21:36:04","date_gmt":"2026-04-27T19:36:04","guid":{"rendered":"https:\/\/new.boxy.ma\/?post_type=product&#038;p=620"},"modified":"2026-04-27T21:36:30","modified_gmt":"2026-04-27T19:36:30","slug":"1000-tablier-jetable-en-plastique-polyethylene","status":"publish","type":"product","link":"https:\/\/new.boxy.ma\/index.php\/produit\/1000-tablier-jetable-en-plastique-polyethylene\/","title":{"rendered":"1000 Tablier jetable en plastique poly\u00e9thyl\u00e8ne"},"content":{"rendered":"<ul>\n<li><strong>Conforme aux normes :<\/strong> CE<\/li>\n<li><strong>Dimensions :<\/strong> STANDARD<\/li>\n<li><strong>Couleur : <\/strong>BLANC<\/li>\n<li><strong>Mati\u00e8re :<\/strong> Poly\u00e9thyl\u00e8ne<\/li>\n<li><strong>Carton :<\/strong> 10 Boites<\/li>\n<\/ul>\n","protected":false},"excerpt":{"rendered":"<p><strong>Tablier en poly\u00e9thyl\u00e8ne transparent, destin\u00e9 \u00e0 une bonne protection du tronc et des jambes, tant dans le domaine m\u00e9dical qu\u2019industriel ou alimentaire.<\/strong><\/p>\n","protected":false},"featured_media":664,"comment_status":"open","ping_status":"closed","template":"","meta":[],"product_brand":[],"product_cat":[64,65],"product_tag":[],"class_list":{"0":"post-620","1":"product","2":"type-product","3":"status-publish","4":"has-post-thumbnail","6":"product_cat-acces-metiers","7":"product_cat-hygiene-produits-divers","9":"first","10":"instock","11":"sale","12":"shipping-taxable","13":"purchasable","14":"product-type-simple"},"_links":{"self":[{"href":"https:\/\/new.boxy.ma\/index.php\/wp-json\/wp\/v2\/product\/620","targetHints":{"allow":["GET"]}}],"collection":[{"href":"https:\/\/new.boxy.ma\/index.php\/wp-json\/wp\/v2\/product"}],"about":[{"href":"https:\/\/new.boxy.ma\/index.php\/wp-json\/wp\/v2\/types\/product"}],"replies":[{"embeddable":true,"href":"https:\/\/new.boxy.ma\/index.php\/wp-json\/wp\/v2\/comments?post=620"}],"wp:featuredmedia":[{"embeddable":true,"href":"https:\/\/new.boxy.ma\/index.php\/wp-json\/wp\/v2\/media\/664"}],"wp:attachment":[{"href":"https:\/\/new.boxy.ma\/index.php\/wp-json\/wp\/v2\/media?parent=620"}],"wp:term":[{"taxonomy":"product_brand","embeddable":true,"href":"https:\/\/new.boxy.ma\/index.php\/wp-json\/wp\/v2\/product_brand?post=620"},{"taxonomy":"product_cat","embeddable":true,"href":"https:\/\/new.boxy.ma\/index.php\/wp-json\/wp\/v2\/product_cat?post=620"},{"taxonomy":"product_tag","embeddable":true,"href":"https:\/\/new.boxy.ma\/index.php\/wp-json\/wp\/v2\/product_tag?post=620"}],"curies":[{"name":"wp","href":"https:\/\/api.w.org\/{rel}","templated":true}]}}