{"id":576,"date":"2026-04-27T21:35:44","date_gmt":"2026-04-27T19:35:44","guid":{"rendered":"https:\/\/new.boxy.ma\/?post_type=product&#038;p=576"},"modified":"2026-04-27T21:36:27","modified_gmt":"2026-04-27T19:36:27","slug":"bol-a-soupe-ronde-en-carton-kraft-16-oz-avec-couvercle-transparent","status":"publish","type":"product","link":"https:\/\/new.boxy.ma\/index.php\/produit\/bol-a-soupe-ronde-en-carton-kraft-16-oz-avec-couvercle-transparent\/","title":{"rendered":"Bol a soupe ronde en Carton KRAFT 16 oz avec couvercle transparent"},"content":{"rendered":"<ul>\n<li><strong>Conforme aux normes :<\/strong> CE<\/li>\n<li><strong>Dimensions : 16 oz \/ 480 ml<\/strong><\/li>\n<li><strong>Couleur :<\/strong> Maron<\/li>\n<li><strong>Mati\u00e8re : KRAFT<\/strong><\/li>\n<li><strong>Carton :<\/strong> 1000 unites<\/li>\n<\/ul>\n","protected":false},"excerpt":{"rendered":"<h3><strong>Bol \u00e0 soup en\u00a0 kraft 16 oz<br \/>\n<\/strong><\/h3>\n<p><strong>Pot \u00e0 soupe carton brun avec couvercle transparent ou carton , Pot \u00e0 soupe jetable en carton brun \u00e9pais , Syst\u00e8me de fermeture \u00e9tanche : aucunes fuites pendant le transport , Micro-ondable\u00a0<\/strong><\/p>\n<p><strong>Conditionn\u00e9e par paquet de 50 barquettes en KRAFT .<\/strong><\/p>\n","protected":false},"featured_media":651,"comment_status":"open","ping_status":"closed","template":"","meta":[],"product_brand":[],"product_cat":[47,56],"product_tag":[],"class_list":{"0":"post-576","1":"product","2":"type-product","3":"status-publish","4":"has-post-thumbnail","6":"product_cat-barquettes-pots-bols","7":"product_cat-emballages-ecologiques","9":"first","10":"instock","11":"sale","12":"shipping-taxable","13":"purchasable","14":"product-type-simple"},"_links":{"self":[{"href":"https:\/\/new.boxy.ma\/index.php\/wp-json\/wp\/v2\/product\/576","targetHints":{"allow":["GET"]}}],"collection":[{"href":"https:\/\/new.boxy.ma\/index.php\/wp-json\/wp\/v2\/product"}],"about":[{"href":"https:\/\/new.boxy.ma\/index.php\/wp-json\/wp\/v2\/types\/product"}],"replies":[{"embeddable":true,"href":"https:\/\/new.boxy.ma\/index.php\/wp-json\/wp\/v2\/comments?post=576"}],"wp:featuredmedia":[{"embeddable":true,"href":"https:\/\/new.boxy.ma\/index.php\/wp-json\/wp\/v2\/media\/651"}],"wp:attachment":[{"href":"https:\/\/new.boxy.ma\/index.php\/wp-json\/wp\/v2\/media?parent=576"}],"wp:term":[{"taxonomy":"product_brand","embeddable":true,"href":"https:\/\/new.boxy.ma\/index.php\/wp-json\/wp\/v2\/product_brand?post=576"},{"taxonomy":"product_cat","embeddable":true,"href":"https:\/\/new.boxy.ma\/index.php\/wp-json\/wp\/v2\/product_cat?post=576"},{"taxonomy":"product_tag","embeddable":true,"href":"https:\/\/new.boxy.ma\/index.php\/wp-json\/wp\/v2\/product_tag?post=576"}],"curies":[{"name":"wp","href":"https:\/\/api.w.org\/{rel}","templated":true}]}}