{"id":570,"date":"2026-04-27T21:35:43","date_gmt":"2026-04-27T19:35:43","guid":{"rendered":"https:\/\/new.boxy.ma\/?post_type=product&#038;p=570"},"modified":"2026-04-27T21:36:13","modified_gmt":"2026-04-27T19:36:13","slug":"5000-cure-dent-bois-individuellement-emballe-en-plastique","status":"publish","type":"product","link":"https:\/\/new.boxy.ma\/index.php\/produit\/5000-cure-dent-bois-individuellement-emballe-en-plastique\/","title":{"rendered":"5000 Cure dent bois individuellement emball\u00e9 en plastique"},"content":{"rendered":"<ul>\n<li><strong>Conforme aux normes :<\/strong> CE<\/li>\n<li><strong>Dimensions :<\/strong> 6,5 cm<\/li>\n<li><strong>Couleur :<\/strong> BOIS<\/li>\n<li><strong>Mati\u00e8re :<\/strong> BOIS<\/li>\n<li><strong>Carton :<\/strong> 25 PACK<\/li>\n<\/ul>\n","protected":false},"excerpt":{"rendered":"<p><strong>Lot de 1000 cure-dents ou piques en Bois envelopp\u00e9es. Chacun de ces cure-dents poss\u00e8dent son emballage individuel, pour plus d&rsquo;hygi\u00e8ne mais \u00e9galement pour \u00eatre utilis\u00e9s dans la vente \u00e0 emporter.<\/strong><\/p>\n","protected":false},"featured_media":642,"comment_status":"open","ping_status":"closed","template":"","meta":[],"product_brand":[],"product_cat":[64],"product_tag":[],"class_list":{"0":"post-570","1":"product","2":"type-product","3":"status-publish","4":"has-post-thumbnail","6":"product_cat-acces-metiers","8":"first","9":"instock","10":"sale","11":"shipping-taxable","12":"purchasable","13":"product-type-simple"},"_links":{"self":[{"href":"https:\/\/new.boxy.ma\/index.php\/wp-json\/wp\/v2\/product\/570","targetHints":{"allow":["GET"]}}],"collection":[{"href":"https:\/\/new.boxy.ma\/index.php\/wp-json\/wp\/v2\/product"}],"about":[{"href":"https:\/\/new.boxy.ma\/index.php\/wp-json\/wp\/v2\/types\/product"}],"replies":[{"embeddable":true,"href":"https:\/\/new.boxy.ma\/index.php\/wp-json\/wp\/v2\/comments?post=570"}],"wp:featuredmedia":[{"embeddable":true,"href":"https:\/\/new.boxy.ma\/index.php\/wp-json\/wp\/v2\/media\/642"}],"wp:attachment":[{"href":"https:\/\/new.boxy.ma\/index.php\/wp-json\/wp\/v2\/media?parent=570"}],"wp:term":[{"taxonomy":"product_brand","embeddable":true,"href":"https:\/\/new.boxy.ma\/index.php\/wp-json\/wp\/v2\/product_brand?post=570"},{"taxonomy":"product_cat","embeddable":true,"href":"https:\/\/new.boxy.ma\/index.php\/wp-json\/wp\/v2\/product_cat?post=570"},{"taxonomy":"product_tag","embeddable":true,"href":"https:\/\/new.boxy.ma\/index.php\/wp-json\/wp\/v2\/product_tag?post=570"}],"curies":[{"name":"wp","href":"https:\/\/api.w.org\/{rel}","templated":true}]}}