{"id":569,"date":"2026-04-27T21:35:43","date_gmt":"2026-04-27T19:35:43","guid":{"rendered":"https:\/\/new.boxy.ma\/?post_type=product&#038;p=569"},"modified":"2026-04-27T21:36:12","modified_gmt":"2026-04-27T19:36:12","slug":"20-toque-chef-blanc-en-non-tisse-plisse","status":"publish","type":"product","link":"https:\/\/new.boxy.ma\/index.php\/produit\/20-toque-chef-blanc-en-non-tisse-plisse\/","title":{"rendered":"20 Toque Chef Blanc en Non tiss\u00e9 pliss\u00e9"},"content":{"rendered":"<ul>\n<li><strong>Conforme aux normes :<\/strong> CE<\/li>\n<li><strong>Dimensions :<\/strong> 29x 29cm<\/li>\n<li><strong>Couleur :<\/strong> BLANCHE<\/li>\n<li><strong>Mati\u00e8re :<\/strong> NON TISSE<\/li>\n<li><strong>Carton :<\/strong> 300 unites \u00ab\u00a0<\/li>\n<\/ul>\n","protected":false},"excerpt":{"rendered":"<p><strong>Toque chef non tiss\u00e9 Confortable et jetable Pour une utilisation dans les h\u00f4tels et restaurants fabriqu\u00e9s \u00e0 partir de mat\u00e9riaux sans danger pour les aliments ,Ceci est la pi\u00e8ce parfaite de la coiffure pour le chef professionnel dans n&rsquo;importe quel environnement, que ce soit une cuisine, un restaurant ou un pub<\/strong><\/p>\n","protected":false},"featured_media":639,"comment_status":"open","ping_status":"closed","template":"","meta":[],"product_brand":[],"product_cat":[64],"product_tag":[],"class_list":{"0":"post-569","1":"product","2":"type-product","3":"status-publish","4":"has-post-thumbnail","6":"product_cat-acces-metiers","8":"first","9":"instock","10":"sale","11":"shipping-taxable","12":"purchasable","13":"product-type-simple"},"_links":{"self":[{"href":"https:\/\/new.boxy.ma\/index.php\/wp-json\/wp\/v2\/product\/569","targetHints":{"allow":["GET"]}}],"collection":[{"href":"https:\/\/new.boxy.ma\/index.php\/wp-json\/wp\/v2\/product"}],"about":[{"href":"https:\/\/new.boxy.ma\/index.php\/wp-json\/wp\/v2\/types\/product"}],"replies":[{"embeddable":true,"href":"https:\/\/new.boxy.ma\/index.php\/wp-json\/wp\/v2\/comments?post=569"}],"wp:featuredmedia":[{"embeddable":true,"href":"https:\/\/new.boxy.ma\/index.php\/wp-json\/wp\/v2\/media\/639"}],"wp:attachment":[{"href":"https:\/\/new.boxy.ma\/index.php\/wp-json\/wp\/v2\/media?parent=569"}],"wp:term":[{"taxonomy":"product_brand","embeddable":true,"href":"https:\/\/new.boxy.ma\/index.php\/wp-json\/wp\/v2\/product_brand?post=569"},{"taxonomy":"product_cat","embeddable":true,"href":"https:\/\/new.boxy.ma\/index.php\/wp-json\/wp\/v2\/product_cat?post=569"},{"taxonomy":"product_tag","embeddable":true,"href":"https:\/\/new.boxy.ma\/index.php\/wp-json\/wp\/v2\/product_tag?post=569"}],"curies":[{"name":"wp","href":"https:\/\/api.w.org\/{rel}","templated":true}]}}