{"id":541,"date":"2026-04-27T21:35:23","date_gmt":"2026-04-27T19:35:23","guid":{"rendered":"https:\/\/new.boxy.ma\/?post_type=product&#038;p=541"},"modified":"2026-04-27T21:36:03","modified_gmt":"2026-04-27T19:36:03","slug":"10-sac-poubelle-a-ordures-avec-fermeture-automatique-120l","status":"publish","type":"product","link":"https:\/\/new.boxy.ma\/index.php\/produit\/10-sac-poubelle-a-ordures-avec-fermeture-automatique-120l\/","title":{"rendered":"10 Sac poubelle \u00e0 ordures avec Fermeture Automatique 120L"},"content":{"rendered":"<ul>\n<li><strong>Conforme aux normes :<\/strong> CE<\/li>\n<li><strong>Dimensions :<\/strong> 85\u00d7105 Cm<\/li>\n<li><strong>Couleur : <\/strong>NOIR\u00a0\/ BLEU<\/li>\n<li><strong>Mati\u00e8re :<\/strong> PLASTIQUE<\/li>\n<li><strong>Carton :<\/strong> 25 Boites<\/li>\n<\/ul>\n","protected":false},"excerpt":{"rendered":"<p><strong>Les sacs \u00e0 ordures 120 litres 50 microns vous aident \u00e0 respecter l\u2019engagement pour l&rsquo;environnement parce qu\u2019il est un sac plastique recyclable et biod\u00e9gradable .Ultra r\u00e9sistant pour la collecte des d\u00e9chets du quotidien , <\/strong><strong>Sac poubelle avec ficelle d\u00e9tachable pour bien fermer le sac poubelle , <\/strong><strong>L&rsquo;\u00e9paisseur de nos sacs augmentent selon la contenance du sac poubelle<\/strong><\/p>\n","protected":false},"featured_media":614,"comment_status":"open","ping_status":"closed","template":"","meta":[],"product_brand":[],"product_cat":[64,65],"product_tag":[],"class_list":{"0":"post-541","1":"product","2":"type-product","3":"status-publish","4":"has-post-thumbnail","6":"product_cat-acces-metiers","7":"product_cat-hygiene-produits-divers","9":"first","10":"instock","11":"sale","12":"shipping-taxable","13":"purchasable","14":"product-type-simple"},"_links":{"self":[{"href":"https:\/\/new.boxy.ma\/index.php\/wp-json\/wp\/v2\/product\/541","targetHints":{"allow":["GET"]}}],"collection":[{"href":"https:\/\/new.boxy.ma\/index.php\/wp-json\/wp\/v2\/product"}],"about":[{"href":"https:\/\/new.boxy.ma\/index.php\/wp-json\/wp\/v2\/types\/product"}],"replies":[{"embeddable":true,"href":"https:\/\/new.boxy.ma\/index.php\/wp-json\/wp\/v2\/comments?post=541"}],"wp:featuredmedia":[{"embeddable":true,"href":"https:\/\/new.boxy.ma\/index.php\/wp-json\/wp\/v2\/media\/614"}],"wp:attachment":[{"href":"https:\/\/new.boxy.ma\/index.php\/wp-json\/wp\/v2\/media?parent=541"}],"wp:term":[{"taxonomy":"product_brand","embeddable":true,"href":"https:\/\/new.boxy.ma\/index.php\/wp-json\/wp\/v2\/product_brand?post=541"},{"taxonomy":"product_cat","embeddable":true,"href":"https:\/\/new.boxy.ma\/index.php\/wp-json\/wp\/v2\/product_cat?post=541"},{"taxonomy":"product_tag","embeddable":true,"href":"https:\/\/new.boxy.ma\/index.php\/wp-json\/wp\/v2\/product_tag?post=541"}],"curies":[{"name":"wp","href":"https:\/\/api.w.org\/{rel}","templated":true}]}}