{"id":540,"date":"2026-04-27T21:35:23","date_gmt":"2026-04-27T19:35:23","guid":{"rendered":"https:\/\/new.boxy.ma\/?post_type=product&#038;p=540"},"modified":"2026-04-27T21:36:00","modified_gmt":"2026-04-27T19:36:00","slug":"40-sac-poubelle-a-ordures-avec-fermeture-automatique-30-litres","status":"publish","type":"product","link":"https:\/\/new.boxy.ma\/index.php\/produit\/40-sac-poubelle-a-ordures-avec-fermeture-automatique-30-litres\/","title":{"rendered":"40 Sac poubelle \u00e0 ordures avec Fermeture Automatique 30 Litres"},"content":{"rendered":"<ul>\n<li><strong>Conforme aux normes :<\/strong> CE<\/li>\n<li><strong>Dimensions :<\/strong> 54\u00d755 Cm<\/li>\n<li><strong>Couleur : <\/strong>GRIS \/ BLEU<\/li>\n<li><strong>Mati\u00e8re :<\/strong> PLASTIQUE<\/li>\n<li><strong>Carton :<\/strong> 20 Boites<\/li>\n<\/ul>\n","protected":false},"excerpt":{"rendered":"<p><strong>Les sacs \u00e0 ordures 30 litres 50 microns vous aident \u00e0 respecter l\u2019engagement pour l&rsquo;environnement parce qu\u2019il est un sac plastique recyclable et biod\u00e9gradable .Ultra r\u00e9sistant pour la collecte des d\u00e9chets du quotidien , <\/strong><strong>Sac poubelle avec ficelle d\u00e9tachable pour bien fermer le sac poubelle , <\/strong><strong>L&rsquo;\u00e9paisseur de nos sacs augmentent selon la contenance du sac poubelle<\/strong><\/p>\n","protected":false},"featured_media":612,"comment_status":"open","ping_status":"closed","template":"","meta":[],"product_brand":[],"product_cat":[64,65],"product_tag":[],"class_list":{"0":"post-540","1":"product","2":"type-product","3":"status-publish","4":"has-post-thumbnail","6":"product_cat-acces-metiers","7":"product_cat-hygiene-produits-divers","9":"first","10":"instock","11":"sale","12":"shipping-taxable","13":"purchasable","14":"product-type-simple"},"_links":{"self":[{"href":"https:\/\/new.boxy.ma\/index.php\/wp-json\/wp\/v2\/product\/540","targetHints":{"allow":["GET"]}}],"collection":[{"href":"https:\/\/new.boxy.ma\/index.php\/wp-json\/wp\/v2\/product"}],"about":[{"href":"https:\/\/new.boxy.ma\/index.php\/wp-json\/wp\/v2\/types\/product"}],"replies":[{"embeddable":true,"href":"https:\/\/new.boxy.ma\/index.php\/wp-json\/wp\/v2\/comments?post=540"}],"wp:featuredmedia":[{"embeddable":true,"href":"https:\/\/new.boxy.ma\/index.php\/wp-json\/wp\/v2\/media\/612"}],"wp:attachment":[{"href":"https:\/\/new.boxy.ma\/index.php\/wp-json\/wp\/v2\/media?parent=540"}],"wp:term":[{"taxonomy":"product_brand","embeddable":true,"href":"https:\/\/new.boxy.ma\/index.php\/wp-json\/wp\/v2\/product_brand?post=540"},{"taxonomy":"product_cat","embeddable":true,"href":"https:\/\/new.boxy.ma\/index.php\/wp-json\/wp\/v2\/product_cat?post=540"},{"taxonomy":"product_tag","embeddable":true,"href":"https:\/\/new.boxy.ma\/index.php\/wp-json\/wp\/v2\/product_tag?post=540"}],"curies":[{"name":"wp","href":"https:\/\/api.w.org\/{rel}","templated":true}]}}