{"id":539,"date":"2026-04-27T21:35:23","date_gmt":"2026-04-27T19:35:23","guid":{"rendered":"https:\/\/new.boxy.ma\/?post_type=product&#038;p=539"},"modified":"2026-04-27T21:35:59","modified_gmt":"2026-04-27T19:35:59","slug":"gants-de-cuisine-en-vinyle-par-100-unites","status":"publish","type":"product","link":"https:\/\/new.boxy.ma\/index.php\/produit\/gants-de-cuisine-en-vinyle-par-100-unites\/","title":{"rendered":"Gants de cuisine en vinyle par 100 unites"},"content":{"rendered":"<ul>\n<li><strong>Conforme aux normes :<\/strong> CE<\/li>\n<li><strong>Dimensions :<\/strong> M &amp; L<\/li>\n<li><strong>Couleur : <\/strong>TRANSPARENT<\/li>\n<li><strong>Mati\u00e8re :<\/strong> VINYLE<\/li>\n<li><strong>Carton :<\/strong> 10 Boites<\/li>\n<\/ul>\n","protected":false},"excerpt":{"rendered":"<p><strong>Gants jetables souples en vinyle poudr\u00e9s transparents haute qualit\u00e9. Ils permettent de garder les mains propres et d\u2019\u00e9viter tout contact direct avec des substances chimiques ou salissantes, des denr\u00e9es alimentaires ou des objets qui doivent rester st\u00e9riles. Ils sont souples et permettent de conserver une bonne maniabilit\u00e9 en \u00e9pousant la forme anatomique de chaque main.<\/strong><\/p>\n","protected":false},"featured_media":610,"comment_status":"open","ping_status":"closed","template":"","meta":[],"product_brand":[],"product_cat":[64,65],"product_tag":[],"class_list":{"0":"post-539","1":"product","2":"type-product","3":"status-publish","4":"has-post-thumbnail","6":"product_cat-acces-metiers","7":"product_cat-hygiene-produits-divers","9":"first","10":"instock","11":"sale","12":"shipping-taxable","13":"purchasable","14":"product-type-simple"},"_links":{"self":[{"href":"https:\/\/new.boxy.ma\/index.php\/wp-json\/wp\/v2\/product\/539","targetHints":{"allow":["GET"]}}],"collection":[{"href":"https:\/\/new.boxy.ma\/index.php\/wp-json\/wp\/v2\/product"}],"about":[{"href":"https:\/\/new.boxy.ma\/index.php\/wp-json\/wp\/v2\/types\/product"}],"replies":[{"embeddable":true,"href":"https:\/\/new.boxy.ma\/index.php\/wp-json\/wp\/v2\/comments?post=539"}],"wp:featuredmedia":[{"embeddable":true,"href":"https:\/\/new.boxy.ma\/index.php\/wp-json\/wp\/v2\/media\/610"}],"wp:attachment":[{"href":"https:\/\/new.boxy.ma\/index.php\/wp-json\/wp\/v2\/media?parent=539"}],"wp:term":[{"taxonomy":"product_brand","embeddable":true,"href":"https:\/\/new.boxy.ma\/index.php\/wp-json\/wp\/v2\/product_brand?post=539"},{"taxonomy":"product_cat","embeddable":true,"href":"https:\/\/new.boxy.ma\/index.php\/wp-json\/wp\/v2\/product_cat?post=539"},{"taxonomy":"product_tag","embeddable":true,"href":"https:\/\/new.boxy.ma\/index.php\/wp-json\/wp\/v2\/product_tag?post=539"}],"curies":[{"name":"wp","href":"https:\/\/api.w.org\/{rel}","templated":true}]}}