{"id":536,"date":"2026-04-27T21:35:23","date_gmt":"2026-04-27T19:35:23","guid":{"rendered":"https:\/\/new.boxy.ma\/?post_type=product&#038;p=536"},"modified":"2026-04-27T21:35:54","modified_gmt":"2026-04-27T19:35:54","slug":"serviettes-cocktail-blanches-20x20cm-2plis","status":"publish","type":"product","link":"https:\/\/new.boxy.ma\/index.php\/produit\/serviettes-cocktail-blanches-20x20cm-2plis\/","title":{"rendered":"Serviettes cocktail Blanches 20x20cm ,2plis"},"content":{"rendered":"<ul>\n<li><strong>Conforme aux normes :<\/strong> CE<\/li>\n<li><strong>Dimensions :<\/strong> 20x 20cm<\/li>\n<li><strong>Couleur :<\/strong> BLANCHE<\/li>\n<li><strong>Mati\u00e8re :<\/strong> PAPIER CELLULOSE<\/li>\n<li><strong>Carton :<\/strong> 32 unites \u00ab\u00a0<\/li>\n<\/ul>\n","protected":false},"excerpt":{"rendered":"<p><strong>Cette\u00a0mini-serviette\u00a0mesure 20 cm x 20 cm une fois d\u00e9pli\u00e9e. Vous verrez pourtant qu&rsquo;elle aura toujours sa place \u00e0 l&rsquo;ap\u00e9ritif,\u00a0lors d&rsquo;un cocktail, d&rsquo;un lunch, d&rsquo;un go\u00fbter ou d&rsquo;une d\u00e9gustation.\u00a0<\/strong><\/p>\n","protected":false},"featured_media":603,"comment_status":"open","ping_status":"closed","template":"","meta":[],"product_brand":[],"product_cat":[55],"product_tag":[],"class_list":{"0":"post-536","1":"product","2":"type-product","3":"status-publish","4":"has-post-thumbnail","6":"product_cat-vaisselle-serviettes","8":"first","9":"instock","10":"sale","11":"shipping-taxable","12":"purchasable","13":"product-type-simple"},"_links":{"self":[{"href":"https:\/\/new.boxy.ma\/index.php\/wp-json\/wp\/v2\/product\/536","targetHints":{"allow":["GET"]}}],"collection":[{"href":"https:\/\/new.boxy.ma\/index.php\/wp-json\/wp\/v2\/product"}],"about":[{"href":"https:\/\/new.boxy.ma\/index.php\/wp-json\/wp\/v2\/types\/product"}],"replies":[{"embeddable":true,"href":"https:\/\/new.boxy.ma\/index.php\/wp-json\/wp\/v2\/comments?post=536"}],"wp:featuredmedia":[{"embeddable":true,"href":"https:\/\/new.boxy.ma\/index.php\/wp-json\/wp\/v2\/media\/603"}],"wp:attachment":[{"href":"https:\/\/new.boxy.ma\/index.php\/wp-json\/wp\/v2\/media?parent=536"}],"wp:term":[{"taxonomy":"product_brand","embeddable":true,"href":"https:\/\/new.boxy.ma\/index.php\/wp-json\/wp\/v2\/product_brand?post=536"},{"taxonomy":"product_cat","embeddable":true,"href":"https:\/\/new.boxy.ma\/index.php\/wp-json\/wp\/v2\/product_cat?post=536"},{"taxonomy":"product_tag","embeddable":true,"href":"https:\/\/new.boxy.ma\/index.php\/wp-json\/wp\/v2\/product_tag?post=536"}],"curies":[{"name":"wp","href":"https:\/\/api.w.org\/{rel}","templated":true}]}}