{"id":532,"date":"2026-04-27T21:35:23","date_gmt":"2026-04-27T19:35:23","guid":{"rendered":"https:\/\/new.boxy.ma\/?post_type=product&#038;p=532"},"modified":"2026-04-27T21:35:50","modified_gmt":"2026-04-27T19:35:50","slug":"25-serviettes-papier-blanc-en-pure-ouate-de-cellulose-1-plis-de-taille-30x30-cm","status":"publish","type":"product","link":"https:\/\/new.boxy.ma\/index.php\/produit\/25-serviettes-papier-blanc-en-pure-ouate-de-cellulose-1-plis-de-taille-30x30-cm\/","title":{"rendered":"25 Serviettes Papier blanc en pure ouate de cellulose 1 plis de taille 30&#215;30 cm"},"content":{"rendered":"<ul>\n<li><strong>Conforme aux normes :<\/strong> CE<\/li>\n<li><strong>Dimensions :<\/strong> 30 x 30cm<\/li>\n<li><strong>Couleur :<\/strong> BLANCHE<\/li>\n<li><strong>Mati\u00e8re :<\/strong> PAPIER CELLULOSE<\/li>\n<li><strong>Carton :<\/strong> 25 unites \u00ab\u00a0<\/li>\n<\/ul>\n","protected":false},"excerpt":{"rendered":"<p>Serviettes Papier blanc en pure ouate de cellulose 1 plis de taille 30&#215;30 cm, possibilit\u00e9 de pliage en 1\/4. Elle se combinera facilement \u00e0 votre d\u00e9coration de table. Souvent utilis\u00e9 dans la restauration rapide<\/p>\n","protected":false},"featured_media":594,"comment_status":"open","ping_status":"closed","template":"","meta":[],"product_brand":[],"product_cat":[55],"product_tag":[],"class_list":{"0":"post-532","1":"product","2":"type-product","3":"status-publish","4":"has-post-thumbnail","6":"product_cat-vaisselle-serviettes","8":"first","9":"instock","10":"sale","11":"shipping-taxable","12":"purchasable","13":"product-type-simple"},"_links":{"self":[{"href":"https:\/\/new.boxy.ma\/index.php\/wp-json\/wp\/v2\/product\/532","targetHints":{"allow":["GET"]}}],"collection":[{"href":"https:\/\/new.boxy.ma\/index.php\/wp-json\/wp\/v2\/product"}],"about":[{"href":"https:\/\/new.boxy.ma\/index.php\/wp-json\/wp\/v2\/types\/product"}],"replies":[{"embeddable":true,"href":"https:\/\/new.boxy.ma\/index.php\/wp-json\/wp\/v2\/comments?post=532"}],"wp:featuredmedia":[{"embeddable":true,"href":"https:\/\/new.boxy.ma\/index.php\/wp-json\/wp\/v2\/media\/594"}],"wp:attachment":[{"href":"https:\/\/new.boxy.ma\/index.php\/wp-json\/wp\/v2\/media?parent=532"}],"wp:term":[{"taxonomy":"product_brand","embeddable":true,"href":"https:\/\/new.boxy.ma\/index.php\/wp-json\/wp\/v2\/product_brand?post=532"},{"taxonomy":"product_cat","embeddable":true,"href":"https:\/\/new.boxy.ma\/index.php\/wp-json\/wp\/v2\/product_cat?post=532"},{"taxonomy":"product_tag","embeddable":true,"href":"https:\/\/new.boxy.ma\/index.php\/wp-json\/wp\/v2\/product_tag?post=532"}],"curies":[{"name":"wp","href":"https:\/\/api.w.org\/{rel}","templated":true}]}}