{"id":531,"date":"2026-04-27T21:35:23","date_gmt":"2026-04-27T19:35:23","guid":{"rendered":"https:\/\/new.boxy.ma\/?post_type=product&#038;p=531"},"modified":"2026-04-27T21:35:49","modified_gmt":"2026-04-27T19:35:49","slug":"5o-boite-a-pizza-en-kraft-hermetique-biodegradable-31x31-cm","status":"publish","type":"product","link":"https:\/\/new.boxy.ma\/index.php\/produit\/5o-boite-a-pizza-en-kraft-hermetique-biodegradable-31x31-cm\/","title":{"rendered":"5O boite \u00e0 pizza en kraft herm\u00e9tique ,biod\u00e9gradable  , 31&#215;31 cm"},"content":{"rendered":"<ul>\n<li><strong>Conforme aux normes :<\/strong> CE<\/li>\n<li><strong>Dimensions :<\/strong> 31 x 31cm<\/li>\n<li><strong>Couleur :<\/strong> KRAFT D\u00e9cor\u00e9<\/li>\n<li><strong>Mati\u00e8re :<\/strong> CARTON<\/li>\n<li><strong>Carton :<\/strong> 50 unites \u00ab\u00a0<\/li>\n<\/ul>\n","protected":false},"excerpt":{"rendered":"<p><strong>Cette bo\u00eete \u00e0 pizza en kraft brun vous permettra d&#8217;emballer vos pizzas en un clin d&rsquo;\u0153il. Son\u00a0design sobre\u00a0s&rsquo;accorde avec une r\u00e9alisation de pizzas traditionnelles et authentiques.\u00a0Aux couleurs de l&rsquo;Italie, cette bo\u00eete saura s\u00e9duire vos client. Tr\u00e8s bonne\u00a0alternative \u00e9conomique, elle vous permettra d&#8217;emballer vos pizzas pour un\u00a0tr\u00e8s bon rapport de qualit\u00e9 et de prix. Son\u00a0pliage facile\u00a0vous permettra de gagner en\u00a0efficacit\u00e9 lors du service.<\/strong><\/p>\n<p><strong><em>Id\u00e9al pour la vente en restauration traditionnelle, rapide, en camion \u00e0 pizza, \u00e0 emporter ou en livraison.<\/em><\/strong><\/p>\n","protected":false},"featured_media":592,"comment_status":"open","ping_status":"closed","template":"","meta":[],"product_brand":[],"product_cat":[54,56],"product_tag":[],"class_list":{"0":"post-531","1":"product","2":"type-product","3":"status-publish","4":"has-post-thumbnail","6":"product_cat-boites-etuis-carton","7":"product_cat-emballages-ecologiques","9":"first","10":"instock","11":"sale","12":"shipping-taxable","13":"purchasable","14":"product-type-simple"},"_links":{"self":[{"href":"https:\/\/new.boxy.ma\/index.php\/wp-json\/wp\/v2\/product\/531","targetHints":{"allow":["GET"]}}],"collection":[{"href":"https:\/\/new.boxy.ma\/index.php\/wp-json\/wp\/v2\/product"}],"about":[{"href":"https:\/\/new.boxy.ma\/index.php\/wp-json\/wp\/v2\/types\/product"}],"replies":[{"embeddable":true,"href":"https:\/\/new.boxy.ma\/index.php\/wp-json\/wp\/v2\/comments?post=531"}],"wp:featuredmedia":[{"embeddable":true,"href":"https:\/\/new.boxy.ma\/index.php\/wp-json\/wp\/v2\/media\/592"}],"wp:attachment":[{"href":"https:\/\/new.boxy.ma\/index.php\/wp-json\/wp\/v2\/media?parent=531"}],"wp:term":[{"taxonomy":"product_brand","embeddable":true,"href":"https:\/\/new.boxy.ma\/index.php\/wp-json\/wp\/v2\/product_brand?post=531"},{"taxonomy":"product_cat","embeddable":true,"href":"https:\/\/new.boxy.ma\/index.php\/wp-json\/wp\/v2\/product_cat?post=531"},{"taxonomy":"product_tag","embeddable":true,"href":"https:\/\/new.boxy.ma\/index.php\/wp-json\/wp\/v2\/product_tag?post=531"}],"curies":[{"name":"wp","href":"https:\/\/api.w.org\/{rel}","templated":true}]}}