{"id":498,"date":"2026-04-27T21:35:01","date_gmt":"2026-04-27T19:35:01","guid":{"rendered":"https:\/\/new.boxy.ma\/?post_type=product&#038;p=498"},"modified":"2026-04-27T21:35:46","modified_gmt":"2026-04-27T19:35:46","slug":"100-barquette-aluminium-operculable-ronde-avec-couvercle-1450ml","status":"publish","type":"product","link":"https:\/\/new.boxy.ma\/index.php\/produit\/100-barquette-aluminium-operculable-ronde-avec-couvercle-1450ml\/","title":{"rendered":"100 Barquette aluminium operculable ronde avec couvercle 1450ml"},"content":{"rendered":"<ul>\n<li><strong>Conforme aux normes :<\/strong> CE<\/li>\n<li><strong>Dimensions :<\/strong> 20 x 5cm<\/li>\n<li><strong>Couleur :<\/strong> ALUMINIUM<\/li>\n<li><strong>Mati\u00e8re :<\/strong> ALUMINIUM<\/li>\n<li><strong>Carton :<\/strong> 600 unites \u00ab\u00a0<\/li>\n<\/ul>\n","protected":false},"excerpt":{"rendered":"<p><strong>Ce r\u00e9cipient \u00e0 poulet rond est parfait pur les r\u00f4tisseurs pour mettre leur poulet et son accompagnement \u00e0 l&rsquo;int\u00e9rieur (pomme de terre, jus ou autres).Il permet en transport simple et sans risque de fuite gr\u00e2ce \u00e0 son couvercle carton a operculer<\/strong><\/p>\n<p><strong>Nombreuses utilisations possibles aussi bien par les particuliers que par les professionnels.<\/strong><\/p>\n","protected":false},"featured_media":583,"comment_status":"open","ping_status":"closed","template":"","meta":[],"product_brand":[],"product_cat":[47],"product_tag":[],"class_list":{"0":"post-498","1":"product","2":"type-product","3":"status-publish","4":"has-post-thumbnail","6":"product_cat-barquettes-pots-bols","8":"first","9":"instock","10":"sale","11":"shipping-taxable","12":"purchasable","13":"product-type-simple"},"_links":{"self":[{"href":"https:\/\/new.boxy.ma\/index.php\/wp-json\/wp\/v2\/product\/498","targetHints":{"allow":["GET"]}}],"collection":[{"href":"https:\/\/new.boxy.ma\/index.php\/wp-json\/wp\/v2\/product"}],"about":[{"href":"https:\/\/new.boxy.ma\/index.php\/wp-json\/wp\/v2\/types\/product"}],"replies":[{"embeddable":true,"href":"https:\/\/new.boxy.ma\/index.php\/wp-json\/wp\/v2\/comments?post=498"}],"wp:featuredmedia":[{"embeddable":true,"href":"https:\/\/new.boxy.ma\/index.php\/wp-json\/wp\/v2\/media\/583"}],"wp:attachment":[{"href":"https:\/\/new.boxy.ma\/index.php\/wp-json\/wp\/v2\/media?parent=498"}],"wp:term":[{"taxonomy":"product_brand","embeddable":true,"href":"https:\/\/new.boxy.ma\/index.php\/wp-json\/wp\/v2\/product_brand?post=498"},{"taxonomy":"product_cat","embeddable":true,"href":"https:\/\/new.boxy.ma\/index.php\/wp-json\/wp\/v2\/product_cat?post=498"},{"taxonomy":"product_tag","embeddable":true,"href":"https:\/\/new.boxy.ma\/index.php\/wp-json\/wp\/v2\/product_tag?post=498"}],"curies":[{"name":"wp","href":"https:\/\/api.w.org\/{rel}","templated":true}]}}