{"id":492,"date":"2026-04-27T21:35:01","date_gmt":"2026-04-27T19:35:01","guid":{"rendered":"https:\/\/new.boxy.ma\/?post_type=product&#038;p=492"},"modified":"2026-04-27T21:35:35","modified_gmt":"2026-04-27T19:35:35","slug":"100-kit-couvert-jetables-en-plastique-noir-cuillere-fourchette-couteauserviette","status":"publish","type":"product","link":"https:\/\/new.boxy.ma\/index.php\/produit\/100-kit-couvert-jetables-en-plastique-noir-cuillere-fourchette-couteauserviette\/","title":{"rendered":"100 Kit couvert jetables en plastique Noir ( cuill\u00e8re-fourchette couteau+serviette )"},"content":{"rendered":"<ul>\n<li><strong>Conforme aux normes :<\/strong> CE<\/li>\n<li><strong>Dimensions :<\/strong> 16 cm<\/li>\n<li><strong>Couleur :<\/strong> NOIR<\/li>\n<li><strong>Mati\u00e8re :<\/strong> PLASTIQUE \/ PAPIER<\/li>\n<li><strong>Carton :<\/strong> 1000 unites \u00ab\u00a0<\/li>\n<\/ul>\n","protected":false},"excerpt":{"rendered":"<p><strong>Le kit couverts en Plastique inject\u00e9 cristal NOIR \u00e9conomique. Article d&rsquo;entr\u00e9e de gamme de bonne qualit\u00e9, id\u00e9al pour tous types de vente \u00e0 emporter. Prix \u00e9conomique et tr\u00e8s bon rapport qualit\u00e9 prix. Compos\u00e9 d&rsquo;une fourchette et cuill\u00e8re et Couteau serviette 2plis dans un sachet<\/strong><\/p>\n","protected":false},"featured_media":556,"comment_status":"open","ping_status":"closed","template":"","meta":[],"product_brand":[],"product_cat":[55],"product_tag":[],"class_list":{"0":"post-492","1":"product","2":"type-product","3":"status-publish","4":"has-post-thumbnail","6":"product_cat-vaisselle-serviettes","8":"first","9":"instock","10":"sale","11":"shipping-taxable","12":"purchasable","13":"product-type-simple"},"_links":{"self":[{"href":"https:\/\/new.boxy.ma\/index.php\/wp-json\/wp\/v2\/product\/492","targetHints":{"allow":["GET"]}}],"collection":[{"href":"https:\/\/new.boxy.ma\/index.php\/wp-json\/wp\/v2\/product"}],"about":[{"href":"https:\/\/new.boxy.ma\/index.php\/wp-json\/wp\/v2\/types\/product"}],"replies":[{"embeddable":true,"href":"https:\/\/new.boxy.ma\/index.php\/wp-json\/wp\/v2\/comments?post=492"}],"wp:featuredmedia":[{"embeddable":true,"href":"https:\/\/new.boxy.ma\/index.php\/wp-json\/wp\/v2\/media\/556"}],"wp:attachment":[{"href":"https:\/\/new.boxy.ma\/index.php\/wp-json\/wp\/v2\/media?parent=492"}],"wp:term":[{"taxonomy":"product_brand","embeddable":true,"href":"https:\/\/new.boxy.ma\/index.php\/wp-json\/wp\/v2\/product_brand?post=492"},{"taxonomy":"product_cat","embeddable":true,"href":"https:\/\/new.boxy.ma\/index.php\/wp-json\/wp\/v2\/product_cat?post=492"},{"taxonomy":"product_tag","embeddable":true,"href":"https:\/\/new.boxy.ma\/index.php\/wp-json\/wp\/v2\/product_tag?post=492"}],"curies":[{"name":"wp","href":"https:\/\/api.w.org\/{rel}","templated":true}]}}