{"id":491,"date":"2026-04-27T21:35:01","date_gmt":"2026-04-27T19:35:01","guid":{"rendered":"https:\/\/new.boxy.ma\/?post_type=product&#038;p=491"},"modified":"2026-04-27T21:35:33","modified_gmt":"2026-04-27T19:35:33","slug":"100-pot-a-sauce-chaud-ou-frais-avec-couvercle-attache-1-oz","status":"publish","type":"product","link":"https:\/\/new.boxy.ma\/index.php\/produit\/100-pot-a-sauce-chaud-ou-frais-avec-couvercle-attache-1-oz\/","title":{"rendered":"100 Pot \u00e0 Sauce chaud ou frais avec couvercle attach\u00e9 1 oz"},"content":{"rendered":"<ul>\n<li><strong>Conforme aux normes :<\/strong> CE<\/li>\n<li><strong>Dimensions :<\/strong> 1 oz<\/li>\n<li><strong>Couleur :<\/strong> Transparente<\/li>\n<li><strong>Mati\u00e8re :<\/strong> P.P<\/li>\n<li><strong>Carton :<\/strong> \u00ab\u00a01000 unites \u00ab\u00a0<\/li>\n<\/ul>\n","protected":false},"excerpt":{"rendered":"<p><strong>Petit pot en plastique PP avec couvercle int\u00e9gr\u00e9 id\u00e9al pour les sauces sal\u00e9es ou sucr\u00e9s, cr\u00e8mes, mousses, condiments, accompagnements:&#8230;, <\/strong><strong><span style=\"font-size: medium;\">Micro-ondable. Produit recyclable. R\u00e9sistent \u00e0 l&rsquo;huile et \u00e0 la graisse.<\/span><\/strong><\/p>\n","protected":false},"featured_media":553,"comment_status":"open","ping_status":"closed","template":"","meta":[],"product_brand":[],"product_cat":[47],"product_tag":[],"class_list":{"0":"post-491","1":"product","2":"type-product","3":"status-publish","4":"has-post-thumbnail","6":"product_cat-barquettes-pots-bols","8":"first","9":"instock","10":"sale","11":"shipping-taxable","12":"purchasable","13":"product-type-simple"},"_links":{"self":[{"href":"https:\/\/new.boxy.ma\/index.php\/wp-json\/wp\/v2\/product\/491","targetHints":{"allow":["GET"]}}],"collection":[{"href":"https:\/\/new.boxy.ma\/index.php\/wp-json\/wp\/v2\/product"}],"about":[{"href":"https:\/\/new.boxy.ma\/index.php\/wp-json\/wp\/v2\/types\/product"}],"replies":[{"embeddable":true,"href":"https:\/\/new.boxy.ma\/index.php\/wp-json\/wp\/v2\/comments?post=491"}],"wp:featuredmedia":[{"embeddable":true,"href":"https:\/\/new.boxy.ma\/index.php\/wp-json\/wp\/v2\/media\/553"}],"wp:attachment":[{"href":"https:\/\/new.boxy.ma\/index.php\/wp-json\/wp\/v2\/media?parent=491"}],"wp:term":[{"taxonomy":"product_brand","embeddable":true,"href":"https:\/\/new.boxy.ma\/index.php\/wp-json\/wp\/v2\/product_brand?post=491"},{"taxonomy":"product_cat","embeddable":true,"href":"https:\/\/new.boxy.ma\/index.php\/wp-json\/wp\/v2\/product_cat?post=491"},{"taxonomy":"product_tag","embeddable":true,"href":"https:\/\/new.boxy.ma\/index.php\/wp-json\/wp\/v2\/product_tag?post=491"}],"curies":[{"name":"wp","href":"https:\/\/api.w.org\/{rel}","templated":true}]}}