{"id":445,"date":"2026-04-27T21:34:39","date_gmt":"2026-04-27T19:34:39","guid":{"rendered":"https:\/\/new.boxy.ma\/?post_type=product&#038;p=445"},"modified":"2026-04-27T21:35:15","modified_gmt":"2026-04-27T19:35:15","slug":"500-pailles-flexibles-noires-en-plastique-ps-o-6mm","status":"publish","type":"product","link":"https:\/\/new.boxy.ma\/index.php\/produit\/500-pailles-flexibles-noires-en-plastique-ps-o-6mm\/","title":{"rendered":"500 Pailles flexibles noires en plastique PS \u00d8 6mm"},"content":{"rendered":"<ul>\n<li><strong>Conforme aux normes :<\/strong> CE<\/li>\n<li><strong>Dimensions :<\/strong> 6mm x 240mm<\/li>\n<li><strong>Couleur :\u00a0<\/strong>NOIR<\/li>\n<li><strong>Mati\u00e8re :<\/strong> PLASTIQUE<\/li>\n<li><strong>Carton :<\/strong> 20 Boites<\/li>\n<\/ul>\n","protected":false},"excerpt":{"rendered":"<p><strong>Cette paille flexible est id\u00e9ale pour d\u00e9guster toutes vos boissons fra\u00eeches et pour tous vos \u00e9v\u00e9nements ou vie quotidienne pour l\u2019usage m\u00e9dical. Des pailles flexibles et chics pour ajouter une touche \u00e9l\u00e9gante \u00e0 votre boisson.<\/strong><\/p>\n","protected":false},"featured_media":515,"comment_status":"open","ping_status":"closed","template":"","meta":[],"product_brand":[],"product_cat":[64,55],"product_tag":[],"class_list":{"0":"post-445","1":"product","2":"type-product","3":"status-publish","4":"has-post-thumbnail","6":"product_cat-acces-metiers","7":"product_cat-vaisselle-serviettes","9":"first","10":"instock","11":"sale","12":"shipping-taxable","13":"purchasable","14":"product-type-simple"},"_links":{"self":[{"href":"https:\/\/new.boxy.ma\/index.php\/wp-json\/wp\/v2\/product\/445","targetHints":{"allow":["GET"]}}],"collection":[{"href":"https:\/\/new.boxy.ma\/index.php\/wp-json\/wp\/v2\/product"}],"about":[{"href":"https:\/\/new.boxy.ma\/index.php\/wp-json\/wp\/v2\/types\/product"}],"replies":[{"embeddable":true,"href":"https:\/\/new.boxy.ma\/index.php\/wp-json\/wp\/v2\/comments?post=445"}],"wp:featuredmedia":[{"embeddable":true,"href":"https:\/\/new.boxy.ma\/index.php\/wp-json\/wp\/v2\/media\/515"}],"wp:attachment":[{"href":"https:\/\/new.boxy.ma\/index.php\/wp-json\/wp\/v2\/media?parent=445"}],"wp:term":[{"taxonomy":"product_brand","embeddable":true,"href":"https:\/\/new.boxy.ma\/index.php\/wp-json\/wp\/v2\/product_brand?post=445"},{"taxonomy":"product_cat","embeddable":true,"href":"https:\/\/new.boxy.ma\/index.php\/wp-json\/wp\/v2\/product_cat?post=445"},{"taxonomy":"product_tag","embeddable":true,"href":"https:\/\/new.boxy.ma\/index.php\/wp-json\/wp\/v2\/product_tag?post=445"}],"curies":[{"name":"wp","href":"https:\/\/api.w.org\/{rel}","templated":true}]}}