{"id":442,"date":"2026-04-27T21:34:39","date_gmt":"2026-04-27T19:34:39","guid":{"rendered":"https:\/\/new.boxy.ma\/?post_type=product&#038;p=442"},"modified":"2026-04-27T21:35:09","modified_gmt":"2026-04-27T19:35:09","slug":"etui-hot-dog-en-carton-automontable","status":"publish","type":"product","link":"https:\/\/new.boxy.ma\/index.php\/produit\/etui-hot-dog-en-carton-automontable\/","title":{"rendered":"Etui HOT-DOG en carton Automontable"},"content":{"rendered":"<ul>\n<li><strong>Conforme aux normes:<\/strong> CE<\/li>\n<li><strong>Dimensions:<\/strong> 50 x 175 x 34 mm<\/li>\n<li><strong>Couleur:<\/strong> Rouge<\/li>\n<li><strong>Mati\u00e8re:<\/strong> Carton<\/li>\n<li><strong>Carton:<\/strong> 250 unites \u00ab\u00a0<\/li>\n<\/ul>\n","protected":false},"excerpt":{"rendered":"<p><strong>L&rsquo;\u00e9tui hot-dog est parfait pour la vente \u00e0 emporter. En effet, cet emballage poss\u00e8de un film fin imperm\u00e9able aux sauces, les emp\u00eachant ainsi de passer au travers du carton. Cet \u00e9tui hot-dog en carton est l&#8217;emballage ad\u00e9quat pour une d\u00e9gustation sur le pouce. Gr\u00e2ce \u00e0 ses rebords permettant de maintenir le contenu, il n&rsquo;y a aucun risque que celui-ci s&rsquo;\u00e9chappe<\/strong><\/p>\n","protected":false},"featured_media":509,"comment_status":"open","ping_status":"closed","template":"","meta":[],"product_brand":[],"product_cat":[54,56,57],"product_tag":[],"class_list":{"0":"post-442","1":"product","2":"type-product","3":"status-publish","4":"has-post-thumbnail","6":"product_cat-boites-etuis-carton","7":"product_cat-emballages-ecologiques","8":"product_cat-plateaux-supports","10":"first","11":"instock","12":"sale","13":"shipping-taxable","14":"purchasable","15":"product-type-simple"},"_links":{"self":[{"href":"https:\/\/new.boxy.ma\/index.php\/wp-json\/wp\/v2\/product\/442","targetHints":{"allow":["GET"]}}],"collection":[{"href":"https:\/\/new.boxy.ma\/index.php\/wp-json\/wp\/v2\/product"}],"about":[{"href":"https:\/\/new.boxy.ma\/index.php\/wp-json\/wp\/v2\/types\/product"}],"replies":[{"embeddable":true,"href":"https:\/\/new.boxy.ma\/index.php\/wp-json\/wp\/v2\/comments?post=442"}],"wp:featuredmedia":[{"embeddable":true,"href":"https:\/\/new.boxy.ma\/index.php\/wp-json\/wp\/v2\/media\/509"}],"wp:attachment":[{"href":"https:\/\/new.boxy.ma\/index.php\/wp-json\/wp\/v2\/media?parent=442"}],"wp:term":[{"taxonomy":"product_brand","embeddable":true,"href":"https:\/\/new.boxy.ma\/index.php\/wp-json\/wp\/v2\/product_brand?post=442"},{"taxonomy":"product_cat","embeddable":true,"href":"https:\/\/new.boxy.ma\/index.php\/wp-json\/wp\/v2\/product_cat?post=442"},{"taxonomy":"product_tag","embeddable":true,"href":"https:\/\/new.boxy.ma\/index.php\/wp-json\/wp\/v2\/product_tag?post=442"}],"curies":[{"name":"wp","href":"https:\/\/api.w.org\/{rel}","templated":true}]}}