{"id":421,"date":"2026-04-27T21:34:19","date_gmt":"2026-04-27T19:34:19","guid":{"rendered":"https:\/\/new.boxy.ma\/?post_type=product&#038;p=421"},"modified":"2026-04-27T21:35:08","modified_gmt":"2026-04-27T19:35:08","slug":"papier-ingraissable-news-pepers-high-quality","status":"publish","type":"product","link":"https:\/\/new.boxy.ma\/index.php\/produit\/papier-ingraissable-news-pepers-high-quality\/","title":{"rendered":"Papier ingraissable NEWS PEPERS High Quality"},"content":{"rendered":"<ul>\n<li><strong>Conforme aux normes :<\/strong> CE<\/li>\n<li><strong>Dimensions :<\/strong> 28 x 31cm<\/li>\n<li><strong>Couleur : <\/strong>BLANC\/NOIR<\/li>\n<li><strong>Mati\u00e8re :<\/strong> PAPIER INGRAISSABLE<\/li>\n<li><strong>Carton :<\/strong> 1000 unites<\/li>\n<\/ul>\n","protected":false},"excerpt":{"rendered":"<p><strong>\u00a0Ce papier ingraissable \u00e0 l&rsquo;excellent rapport qualit\u00e9\/prix vous d\u00e9marquera de la concurrence gr\u00e2ce \u00e0 son design tendance, ce papier vous permettra d&#8217;emballer vos burgers, bagels, hot-dogs&#8230;<\/strong><\/p>\n","protected":false},"featured_media":506,"comment_status":"open","ping_status":"closed","template":"","meta":[],"product_brand":[],"product_cat":[64,56,66],"product_tag":[],"class_list":{"0":"post-421","1":"product","2":"type-product","3":"status-publish","4":"has-post-thumbnail","6":"product_cat-acces-metiers","7":"product_cat-emballages-ecologiques","8":"product_cat-papiers-films","10":"first","11":"instock","12":"sale","13":"shipping-taxable","14":"purchasable","15":"product-type-simple"},"_links":{"self":[{"href":"https:\/\/new.boxy.ma\/index.php\/wp-json\/wp\/v2\/product\/421","targetHints":{"allow":["GET"]}}],"collection":[{"href":"https:\/\/new.boxy.ma\/index.php\/wp-json\/wp\/v2\/product"}],"about":[{"href":"https:\/\/new.boxy.ma\/index.php\/wp-json\/wp\/v2\/types\/product"}],"replies":[{"embeddable":true,"href":"https:\/\/new.boxy.ma\/index.php\/wp-json\/wp\/v2\/comments?post=421"}],"wp:featuredmedia":[{"embeddable":true,"href":"https:\/\/new.boxy.ma\/index.php\/wp-json\/wp\/v2\/media\/506"}],"wp:attachment":[{"href":"https:\/\/new.boxy.ma\/index.php\/wp-json\/wp\/v2\/media?parent=421"}],"wp:term":[{"taxonomy":"product_brand","embeddable":true,"href":"https:\/\/new.boxy.ma\/index.php\/wp-json\/wp\/v2\/product_brand?post=421"},{"taxonomy":"product_cat","embeddable":true,"href":"https:\/\/new.boxy.ma\/index.php\/wp-json\/wp\/v2\/product_cat?post=421"},{"taxonomy":"product_tag","embeddable":true,"href":"https:\/\/new.boxy.ma\/index.php\/wp-json\/wp\/v2\/product_tag?post=421"}],"curies":[{"name":"wp","href":"https:\/\/api.w.org\/{rel}","templated":true}]}}