{"id":420,"date":"2026-04-27T21:34:19","date_gmt":"2026-04-27T19:34:19","guid":{"rendered":"https:\/\/new.boxy.ma\/?post_type=product&#038;p=420"},"modified":"2026-04-27T21:35:06","modified_gmt":"2026-04-27T19:35:06","slug":"100-charlotte-cuisine-jetable-blanc","status":"publish","type":"product","link":"https:\/\/new.boxy.ma\/index.php\/produit\/100-charlotte-cuisine-jetable-blanc\/","title":{"rendered":"100 Charlotte cuisine jetable blanc"},"content":{"rendered":"<ul>\n<li><strong>Conforme aux normes :<\/strong> CE<\/li>\n<li><strong>Dimensions :<\/strong> 20cm<\/li>\n<li><strong>Couleur : <\/strong>BLANC<\/li>\n<li><strong>Mati\u00e8re :<\/strong> Polypropyl\u00e8ne<\/li>\n<li><strong>Carton :<\/strong> 10 packs<\/li>\n<\/ul>\n","protected":false},"excerpt":{"rendered":"<p><strong>Charlotte avec \u00e9lastique de serrage, les charlottes est utilis\u00e9e dans une multitude d&rsquo;environnements de travail, tels que l&rsquo;alimentaire, les laboratoires..Fabriqu\u00e9e en polypropyl\u00e8ne montage double aiguille.<\/strong><\/p>\n","protected":false},"featured_media":504,"comment_status":"open","ping_status":"closed","template":"","meta":[],"product_brand":[],"product_cat":[64,65],"product_tag":[],"class_list":{"0":"post-420","1":"product","2":"type-product","3":"status-publish","4":"has-post-thumbnail","6":"product_cat-acces-metiers","7":"product_cat-hygiene-produits-divers","9":"first","10":"instock","11":"sale","12":"shipping-taxable","13":"purchasable","14":"product-type-simple"},"_links":{"self":[{"href":"https:\/\/new.boxy.ma\/index.php\/wp-json\/wp\/v2\/product\/420","targetHints":{"allow":["GET"]}}],"collection":[{"href":"https:\/\/new.boxy.ma\/index.php\/wp-json\/wp\/v2\/product"}],"about":[{"href":"https:\/\/new.boxy.ma\/index.php\/wp-json\/wp\/v2\/types\/product"}],"replies":[{"embeddable":true,"href":"https:\/\/new.boxy.ma\/index.php\/wp-json\/wp\/v2\/comments?post=420"}],"wp:featuredmedia":[{"embeddable":true,"href":"https:\/\/new.boxy.ma\/index.php\/wp-json\/wp\/v2\/media\/504"}],"wp:attachment":[{"href":"https:\/\/new.boxy.ma\/index.php\/wp-json\/wp\/v2\/media?parent=420"}],"wp:term":[{"taxonomy":"product_brand","embeddable":true,"href":"https:\/\/new.boxy.ma\/index.php\/wp-json\/wp\/v2\/product_brand?post=420"},{"taxonomy":"product_cat","embeddable":true,"href":"https:\/\/new.boxy.ma\/index.php\/wp-json\/wp\/v2\/product_cat?post=420"},{"taxonomy":"product_tag","embeddable":true,"href":"https:\/\/new.boxy.ma\/index.php\/wp-json\/wp\/v2\/product_tag?post=420"}],"curies":[{"name":"wp","href":"https:\/\/api.w.org\/{rel}","templated":true}]}}