{"id":419,"date":"2026-04-27T21:34:19","date_gmt":"2026-04-27T19:34:19","guid":{"rendered":"https:\/\/new.boxy.ma\/?post_type=product&#038;p=419"},"modified":"2026-04-27T21:35:05","modified_gmt":"2026-04-27T19:35:05","slug":"6-bobines-essuie-main-pate-vierge-gaufre-2plis","status":"publish","type":"product","link":"https:\/\/new.boxy.ma\/index.php\/produit\/6-bobines-essuie-main-pate-vierge-gaufre-2plis\/","title":{"rendered":"6 Bobines essuie-main ,p\u00e2te vierge gaufr\u00e9 2plis"},"content":{"rendered":"<ul>\n<li><strong>Conforme aux normes :<\/strong> CE<\/li>\n<li><strong>Dimensions :<\/strong> 150 m<\/li>\n<li><strong>Couleur : <\/strong>BLANC<\/li>\n<li><strong>Mati\u00e8re :<\/strong> PAPIER CELLULOS<\/li>\n<li><strong>Carton :<\/strong> 6 ROULEAUX<\/li>\n<\/ul>\n","protected":false},"excerpt":{"rendered":"<p><strong>Ce papier essuie-mains 100% pure ouate est tr\u00e8s absorbant et con\u00e7u dans un format permettant une grande autonomie. Il est bien adapt\u00e9 aux besoins des cabinets m\u00e9dicaux, collectivit\u00e9s, \u00e9tablissements hospitaliers, laboratoires, cuisines, ateliers<\/strong><\/p>\n","protected":false},"featured_media":502,"comment_status":"open","ping_status":"closed","template":"","meta":[],"product_brand":[],"product_cat":[65],"product_tag":[],"class_list":{"0":"post-419","1":"product","2":"type-product","3":"status-publish","4":"has-post-thumbnail","6":"product_cat-hygiene-produits-divers","8":"first","9":"instock","10":"sale","11":"shipping-taxable","12":"purchasable","13":"product-type-simple"},"_links":{"self":[{"href":"https:\/\/new.boxy.ma\/index.php\/wp-json\/wp\/v2\/product\/419","targetHints":{"allow":["GET"]}}],"collection":[{"href":"https:\/\/new.boxy.ma\/index.php\/wp-json\/wp\/v2\/product"}],"about":[{"href":"https:\/\/new.boxy.ma\/index.php\/wp-json\/wp\/v2\/types\/product"}],"replies":[{"embeddable":true,"href":"https:\/\/new.boxy.ma\/index.php\/wp-json\/wp\/v2\/comments?post=419"}],"wp:featuredmedia":[{"embeddable":true,"href":"https:\/\/new.boxy.ma\/index.php\/wp-json\/wp\/v2\/media\/502"}],"wp:attachment":[{"href":"https:\/\/new.boxy.ma\/index.php\/wp-json\/wp\/v2\/media?parent=419"}],"wp:term":[{"taxonomy":"product_brand","embeddable":true,"href":"https:\/\/new.boxy.ma\/index.php\/wp-json\/wp\/v2\/product_brand?post=419"},{"taxonomy":"product_cat","embeddable":true,"href":"https:\/\/new.boxy.ma\/index.php\/wp-json\/wp\/v2\/product_cat?post=419"},{"taxonomy":"product_tag","embeddable":true,"href":"https:\/\/new.boxy.ma\/index.php\/wp-json\/wp\/v2\/product_tag?post=419"}],"curies":[{"name":"wp","href":"https:\/\/api.w.org\/{rel}","templated":true}]}}