{"id":418,"date":"2026-04-27T21:34:19","date_gmt":"2026-04-27T19:34:19","guid":{"rendered":"https:\/\/new.boxy.ma\/?post_type=product&#038;p=418"},"modified":"2026-04-27T21:35:04","modified_gmt":"2026-04-27T19:35:04","slug":"papier-enchevetre-zig-zagpate-vierge-100-extra-blanc","status":"publish","type":"product","link":"https:\/\/new.boxy.ma\/index.php\/produit\/papier-enchevetre-zig-zagpate-vierge-100-extra-blanc\/","title":{"rendered":"Papier enchev\u00eatr\u00e9 ZIG ZAG,P\u00e2te Vierge 100% Extra blanc"},"content":{"rendered":"<ul>\n<li><strong>Conforme aux normes :<\/strong> CE<\/li>\n<li><strong>Dimensions :<\/strong> 230 x 210 mm<\/li>\n<li><strong>Couleur : <\/strong>BLANC<\/li>\n<li><strong>Mati\u00e8re :<\/strong> PAPIER CELLULOS<\/li>\n<li><strong>Carton :<\/strong> 20 PACK<\/li>\n<\/ul>\n","protected":false},"excerpt":{"rendered":"<p>Essuie-mains ZIG ZAG double \u00e9paisseur extra doux pure ouate blanche pour s\u00e9chage des mains, agr\u00e9able et tr\u00e8s hygi\u00e9nique. Pli\u00e9 \u00e0 plat ZIG ZAG. Haute capacit\u00e9 d&rsquo;absorption pour une satisfaction supr\u00eame. Dermatologiquement test\u00e9s et approuv\u00e9s.<\/p>\n","protected":false},"featured_media":499,"comment_status":"open","ping_status":"closed","template":"","meta":[],"product_brand":[],"product_cat":[65],"product_tag":[],"class_list":{"0":"post-418","1":"product","2":"type-product","3":"status-publish","4":"has-post-thumbnail","6":"product_cat-hygiene-produits-divers","8":"first","9":"instock","10":"sale","11":"shipping-taxable","12":"purchasable","13":"product-type-simple"},"_links":{"self":[{"href":"https:\/\/new.boxy.ma\/index.php\/wp-json\/wp\/v2\/product\/418","targetHints":{"allow":["GET"]}}],"collection":[{"href":"https:\/\/new.boxy.ma\/index.php\/wp-json\/wp\/v2\/product"}],"about":[{"href":"https:\/\/new.boxy.ma\/index.php\/wp-json\/wp\/v2\/types\/product"}],"replies":[{"embeddable":true,"href":"https:\/\/new.boxy.ma\/index.php\/wp-json\/wp\/v2\/comments?post=418"}],"wp:featuredmedia":[{"embeddable":true,"href":"https:\/\/new.boxy.ma\/index.php\/wp-json\/wp\/v2\/media\/499"}],"wp:attachment":[{"href":"https:\/\/new.boxy.ma\/index.php\/wp-json\/wp\/v2\/media?parent=418"}],"wp:term":[{"taxonomy":"product_brand","embeddable":true,"href":"https:\/\/new.boxy.ma\/index.php\/wp-json\/wp\/v2\/product_brand?post=418"},{"taxonomy":"product_cat","embeddable":true,"href":"https:\/\/new.boxy.ma\/index.php\/wp-json\/wp\/v2\/product_cat?post=418"},{"taxonomy":"product_tag","embeddable":true,"href":"https:\/\/new.boxy.ma\/index.php\/wp-json\/wp\/v2\/product_tag?post=418"}],"curies":[{"name":"wp","href":"https:\/\/api.w.org\/{rel}","templated":true}]}}