{"id":417,"date":"2026-04-27T21:34:19","date_gmt":"2026-04-27T19:34:19","guid":{"rendered":"https:\/\/new.boxy.ma\/?post_type=product&#038;p=417"},"modified":"2026-04-27T21:35:00","modified_gmt":"2026-04-27T19:35:00","slug":"18-bobines-papier-hygieniques-mini-jumbo","status":"publish","type":"product","link":"https:\/\/new.boxy.ma\/index.php\/produit\/18-bobines-papier-hygieniques-mini-jumbo\/","title":{"rendered":"18 Bobines papier hygi\u00e9niques Mini JUMBO"},"content":{"rendered":"<ul>\n<li><strong>Conforme aux normes :<\/strong> CE<\/li>\n<li><strong>Dimensions :<\/strong> 150m<\/li>\n<li><strong>Couleur : <\/strong>BLANC<\/li>\n<li><strong>Mati\u00e8re :<\/strong> PAPIER CELLULOS<\/li>\n<li><strong>Carton :<\/strong> 18 ROULEAUX<\/li>\n<\/ul>\n","protected":false},"excerpt":{"rendered":"<p><strong>Rouleaux de papier hygi\u00e9nique compos\u00e9 de 2 plis coll\u00e9s et gaufr\u00e9s , 100% Cellulos Le papier ne provoque aucune irritation et se d\u00e9lite parfaitement dans leau .<\/strong><\/p>\n","protected":false},"featured_media":481,"comment_status":"open","ping_status":"closed","template":"","meta":[],"product_brand":[],"product_cat":[65],"product_tag":[],"class_list":{"0":"post-417","1":"product","2":"type-product","3":"status-publish","4":"has-post-thumbnail","6":"product_cat-hygiene-produits-divers","8":"first","9":"instock","10":"sale","11":"shipping-taxable","12":"purchasable","13":"product-type-simple"},"_links":{"self":[{"href":"https:\/\/new.boxy.ma\/index.php\/wp-json\/wp\/v2\/product\/417","targetHints":{"allow":["GET"]}}],"collection":[{"href":"https:\/\/new.boxy.ma\/index.php\/wp-json\/wp\/v2\/product"}],"about":[{"href":"https:\/\/new.boxy.ma\/index.php\/wp-json\/wp\/v2\/types\/product"}],"replies":[{"embeddable":true,"href":"https:\/\/new.boxy.ma\/index.php\/wp-json\/wp\/v2\/comments?post=417"}],"wp:featuredmedia":[{"embeddable":true,"href":"https:\/\/new.boxy.ma\/index.php\/wp-json\/wp\/v2\/media\/481"}],"wp:attachment":[{"href":"https:\/\/new.boxy.ma\/index.php\/wp-json\/wp\/v2\/media?parent=417"}],"wp:term":[{"taxonomy":"product_brand","embeddable":true,"href":"https:\/\/new.boxy.ma\/index.php\/wp-json\/wp\/v2\/product_brand?post=417"},{"taxonomy":"product_cat","embeddable":true,"href":"https:\/\/new.boxy.ma\/index.php\/wp-json\/wp\/v2\/product_cat?post=417"},{"taxonomy":"product_tag","embeddable":true,"href":"https:\/\/new.boxy.ma\/index.php\/wp-json\/wp\/v2\/product_tag?post=417"}],"curies":[{"name":"wp","href":"https:\/\/api.w.org\/{rel}","templated":true}]}}