{"id":383,"date":"2026-04-27T21:33:57","date_gmt":"2026-04-27T19:33:57","guid":{"rendered":"https:\/\/new.boxy.ma\/?post_type=product&#038;p=383"},"modified":"2026-04-27T21:34:52","modified_gmt":"2026-04-27T19:34:52","slug":"boite-salade-kraft-brun-avec-fenetre-700ml-par-50-unites","status":"publish","type":"product","link":"https:\/\/new.boxy.ma\/index.php\/produit\/boite-salade-kraft-brun-avec-fenetre-700ml-par-50-unites\/","title":{"rendered":"Bo\u00eete salade kraft brun avec fen\u00eatre 700ml , par 50 unites"},"content":{"rendered":"<p>&nbsp;<\/p>\n<ul>\n<li><strong>Conforme aux normes :<\/strong> CE<\/li>\n<li><strong>Dimensions : 160 x 120 x 53mm , 700ml\u00a0<\/strong><\/li>\n<li><strong>Couleur :<\/strong> Kraft nature<\/li>\n<li><strong>Mati\u00e8re : kraft<\/strong><\/li>\n<li><strong>Carton :<\/strong> 300 unites<\/li>\n<\/ul>\n","protected":false},"excerpt":{"rendered":"<h1 class=\"h1 namne_details\">Barquettes \u00c0 Salade Kraft Recyclable Avec Fen\u00eatre<\/h1>\n<p>Emballez parfaitement vos salades pr\u00e9par\u00e9es pour la vente \u00e0 emporter gr\u00e2ce \u00e0 cette barquette \u00e0 salade recyclable apr\u00e8s utilisation. D&rsquo;une contenance de 700 cl, cette <strong>barquette alimentaire<\/strong>\u00a0fabriqu\u00e9e \u00e0 partir de papier et carton kraft recycl\u00e9s, est dot\u00e9e de fen\u00eatres en poly\u00e9thyl\u00e8ne antibu\u00e9e qui assurent une excellente visibilit\u00e9 sur les aliments.<\/p>\n<p>Convient pour le service de plats froids uniquement.<\/p>\n","protected":false},"featured_media":462,"comment_status":"open","ping_status":"closed","template":"","meta":[],"product_brand":[],"product_cat":[47,54,56],"product_tag":[],"class_list":{"0":"post-383","1":"product","2":"type-product","3":"status-publish","4":"has-post-thumbnail","6":"product_cat-barquettes-pots-bols","7":"product_cat-boites-etuis-carton","8":"product_cat-emballages-ecologiques","10":"first","11":"instock","12":"sale","13":"shipping-taxable","14":"purchasable","15":"product-type-simple"},"_links":{"self":[{"href":"https:\/\/new.boxy.ma\/index.php\/wp-json\/wp\/v2\/product\/383","targetHints":{"allow":["GET"]}}],"collection":[{"href":"https:\/\/new.boxy.ma\/index.php\/wp-json\/wp\/v2\/product"}],"about":[{"href":"https:\/\/new.boxy.ma\/index.php\/wp-json\/wp\/v2\/types\/product"}],"replies":[{"embeddable":true,"href":"https:\/\/new.boxy.ma\/index.php\/wp-json\/wp\/v2\/comments?post=383"}],"wp:featuredmedia":[{"embeddable":true,"href":"https:\/\/new.boxy.ma\/index.php\/wp-json\/wp\/v2\/media\/462"}],"wp:attachment":[{"href":"https:\/\/new.boxy.ma\/index.php\/wp-json\/wp\/v2\/media?parent=383"}],"wp:term":[{"taxonomy":"product_brand","embeddable":true,"href":"https:\/\/new.boxy.ma\/index.php\/wp-json\/wp\/v2\/product_brand?post=383"},{"taxonomy":"product_cat","embeddable":true,"href":"https:\/\/new.boxy.ma\/index.php\/wp-json\/wp\/v2\/product_cat?post=383"},{"taxonomy":"product_tag","embeddable":true,"href":"https:\/\/new.boxy.ma\/index.php\/wp-json\/wp\/v2\/product_tag?post=383"}],"curies":[{"name":"wp","href":"https:\/\/api.w.org\/{rel}","templated":true}]}}