{"id":380,"date":"2026-04-27T21:33:57","date_gmt":"2026-04-27T19:33:57","guid":{"rendered":"https:\/\/new.boxy.ma\/?post_type=product&#038;p=380"},"modified":"2026-04-27T21:34:45","modified_gmt":"2026-04-27T19:34:45","slug":"boite-en-kraft-brun-pour-hamburger-biodegradable-par-50-unites","status":"publish","type":"product","link":"https:\/\/new.boxy.ma\/index.php\/produit\/boite-en-kraft-brun-pour-hamburger-biodegradable-par-50-unites\/","title":{"rendered":"Bo\u00eete en kraft brun pour hamburger biodegradable , par 50 unites"},"content":{"rendered":"<p>&nbsp;<\/p>\n<ul>\n<li><strong>Conforme aux normes :<\/strong> CE<\/li>\n<li><strong>Dimensions : 155&#215;130 x80 mm<\/strong><\/li>\n<li><strong>Couleur :<\/strong> Kraft nature<\/li>\n<li><strong>Mati\u00e8re : kraft<\/strong><\/li>\n<li><strong>Carton :<\/strong> 300 unites<\/li>\n<\/ul>\n","protected":false},"excerpt":{"rendered":"<h1 class=\"h1 page-title\">Bo\u00eete en kraft brun pour hamburger biodegradable<\/h1>\n<p>Bo\u00eetes \u00e0 hamburger en carton kraft brun, micro cannel\u00e9e. De dimension 155 X 130 X 80 mm.Cette boxe permet d&#8217;emballer les burgers g\u00e9ants taille XXL.Muni d&rsquo;un syst\u00e8me permettant une fermeture simple de la bo\u00eete, cet emballage jetable a \u00e9t\u00e9 sp\u00e9cialement con\u00e7u pour les professionnels de la restauration rapide, snacks, \u00e0 la recherche d&rsquo;une bo\u00eete \u00e0 hamburger r\u00e9sistante et pratique .<\/p>\n","protected":false},"featured_media":452,"comment_status":"open","ping_status":"closed","template":"","meta":[],"product_brand":[],"product_cat":[54,56],"product_tag":[],"class_list":{"0":"post-380","1":"product","2":"type-product","3":"status-publish","4":"has-post-thumbnail","6":"product_cat-boites-etuis-carton","7":"product_cat-emballages-ecologiques","9":"first","10":"instock","11":"sale","12":"shipping-taxable","13":"purchasable","14":"product-type-simple"},"_links":{"self":[{"href":"https:\/\/new.boxy.ma\/index.php\/wp-json\/wp\/v2\/product\/380","targetHints":{"allow":["GET"]}}],"collection":[{"href":"https:\/\/new.boxy.ma\/index.php\/wp-json\/wp\/v2\/product"}],"about":[{"href":"https:\/\/new.boxy.ma\/index.php\/wp-json\/wp\/v2\/types\/product"}],"replies":[{"embeddable":true,"href":"https:\/\/new.boxy.ma\/index.php\/wp-json\/wp\/v2\/comments?post=380"}],"wp:featuredmedia":[{"embeddable":true,"href":"https:\/\/new.boxy.ma\/index.php\/wp-json\/wp\/v2\/media\/452"}],"wp:attachment":[{"href":"https:\/\/new.boxy.ma\/index.php\/wp-json\/wp\/v2\/media?parent=380"}],"wp:term":[{"taxonomy":"product_brand","embeddable":true,"href":"https:\/\/new.boxy.ma\/index.php\/wp-json\/wp\/v2\/product_brand?post=380"},{"taxonomy":"product_cat","embeddable":true,"href":"https:\/\/new.boxy.ma\/index.php\/wp-json\/wp\/v2\/product_cat?post=380"},{"taxonomy":"product_tag","embeddable":true,"href":"https:\/\/new.boxy.ma\/index.php\/wp-json\/wp\/v2\/product_tag?post=380"}],"curies":[{"name":"wp","href":"https:\/\/api.w.org\/{rel}","templated":true}]}}