{"id":379,"date":"2026-04-27T21:33:57","date_gmt":"2026-04-27T19:33:57","guid":{"rendered":"https:\/\/new.boxy.ma\/?post_type=product&#038;p=379"},"modified":"2026-04-27T21:34:39","modified_gmt":"2026-04-27T19:34:39","slug":"boite-triangle-triple-sandwich-kraft-brun-avec-fenetre-par-50-unites","status":"publish","type":"product","link":"https:\/\/new.boxy.ma\/index.php\/produit\/boite-triangle-triple-sandwich-kraft-brun-avec-fenetre-par-50-unites\/","title":{"rendered":"Boite triangle TRIPLE sandwich kraft brun avec fen\u00eatre , par 50 unites"},"content":{"rendered":"<p>&nbsp;<\/p>\n<ul>\n<li><strong>Conforme aux normes :<\/strong> CE<\/li>\n<li><strong>Dimensions : 123x123x72 mm<\/strong><\/li>\n<li><strong>Couleur :<\/strong> Kraft nature<\/li>\n<li><strong>Mati\u00e8re : kraft<\/strong><\/li>\n<li><strong>Carton :<\/strong> 500 unites<\/li>\n<\/ul>\n","protected":false},"excerpt":{"rendered":"<h1 class=\"h1 page-title\">Boite triangle TRIPLE sandwich kraft brun avec fen\u00eatre<\/h1>\n<p><strong>Triangle \u00e0 sandwich en kraft<\/strong> brun int\u00e9rieur blanc, avec fen\u00eatre transparente, pour Trois sandwiches triangulaires.<\/p>\n<p>Emballage pour deux triangles\u00a0<strong>club sandwich<\/strong>, de c\u00f4t\u00e9 12,3 cm et largeur de sandwich 7,2 cm. Environ 8,5 cm de hauteur au point culminant. A proposer dans votre <strong>sup\u00e9rette<\/strong>.<\/p>\n","protected":false},"featured_media":440,"comment_status":"open","ping_status":"closed","template":"","meta":[],"product_brand":[],"product_cat":[47,56],"product_tag":[],"class_list":{"0":"post-379","1":"product","2":"type-product","3":"status-publish","4":"has-post-thumbnail","6":"product_cat-barquettes-pots-bols","7":"product_cat-emballages-ecologiques","9":"first","10":"instock","11":"sale","12":"shipping-taxable","13":"purchasable","14":"product-type-simple"},"_links":{"self":[{"href":"https:\/\/new.boxy.ma\/index.php\/wp-json\/wp\/v2\/product\/379","targetHints":{"allow":["GET"]}}],"collection":[{"href":"https:\/\/new.boxy.ma\/index.php\/wp-json\/wp\/v2\/product"}],"about":[{"href":"https:\/\/new.boxy.ma\/index.php\/wp-json\/wp\/v2\/types\/product"}],"replies":[{"embeddable":true,"href":"https:\/\/new.boxy.ma\/index.php\/wp-json\/wp\/v2\/comments?post=379"}],"wp:featuredmedia":[{"embeddable":true,"href":"https:\/\/new.boxy.ma\/index.php\/wp-json\/wp\/v2\/media\/440"}],"wp:attachment":[{"href":"https:\/\/new.boxy.ma\/index.php\/wp-json\/wp\/v2\/media?parent=379"}],"wp:term":[{"taxonomy":"product_brand","embeddable":true,"href":"https:\/\/new.boxy.ma\/index.php\/wp-json\/wp\/v2\/product_brand?post=379"},{"taxonomy":"product_cat","embeddable":true,"href":"https:\/\/new.boxy.ma\/index.php\/wp-json\/wp\/v2\/product_cat?post=379"},{"taxonomy":"product_tag","embeddable":true,"href":"https:\/\/new.boxy.ma\/index.php\/wp-json\/wp\/v2\/product_tag?post=379"}],"curies":[{"name":"wp","href":"https:\/\/api.w.org\/{rel}","templated":true}]}}