{"id":343,"date":"2026-04-27T21:33:37","date_gmt":"2026-04-27T19:33:37","guid":{"rendered":"https:\/\/new.boxy.ma\/?post_type=product&#038;p=343"},"modified":"2026-04-27T21:34:21","modified_gmt":"2026-04-27T19:34:21","slug":"gobelet-a-frites-ouvert-en-kraft-biodegradable-16oz-470ml-par-50-unites","status":"publish","type":"product","link":"https:\/\/new.boxy.ma\/index.php\/produit\/gobelet-a-frites-ouvert-en-kraft-biodegradable-16oz-470ml-par-50-unites\/","title":{"rendered":"Gobelet \u00e0 Frites ouvert en Kraft Biodegradable , 16oz\/470ml , par 50 unites"},"content":{"rendered":"<p>&nbsp;<\/p>\n<ul>\n<li><strong>Conforme aux normes :<\/strong> CE<\/li>\n<li><strong>Dimensions : 16oz\/470ml<\/strong><\/li>\n<li><strong>Couleur :<\/strong> Kraft nature<\/li>\n<li><strong>Mati\u00e8re : kraft<\/strong><\/li>\n<li><strong>Carton :<\/strong> 2000 unites<\/li>\n<\/ul>\n","protected":false},"excerpt":{"rendered":"<h1 class=\"h1 page-title\">Gobelet \u00e0 Frites ouvert en Kraft Biodegradable<\/h1>\n<p>Gobelet \u00e0 wrap r\u00e9sistant gr\u00e2ce \u00e0 un carton \u00e9pais et vernis. Il permet de maintenir le wrap dans un emballage plaisant et pratique.<\/p>\n<p><strong>Utilisations<\/strong> : Ces gobelets kraft brun sont parfaitement adapt\u00e9s\u00a0 pour l&rsquo; emporter de vos wraps,BUBBLE WAFFLE , frites, tortillas et nuggets , onion rings<\/p>\n<h5><\/h5>\n<h5>.<\/h5>\n<h5><\/h5>\n","protected":false},"featured_media":423,"comment_status":"open","ping_status":"closed","template":"","meta":[],"product_brand":[],"product_cat":[47,56],"product_tag":[],"class_list":{"0":"post-343","1":"product","2":"type-product","3":"status-publish","4":"has-post-thumbnail","6":"product_cat-barquettes-pots-bols","7":"product_cat-emballages-ecologiques","9":"first","10":"outofstock","11":"sale","12":"shipping-taxable","13":"purchasable","14":"product-type-simple"},"_links":{"self":[{"href":"https:\/\/new.boxy.ma\/index.php\/wp-json\/wp\/v2\/product\/343","targetHints":{"allow":["GET"]}}],"collection":[{"href":"https:\/\/new.boxy.ma\/index.php\/wp-json\/wp\/v2\/product"}],"about":[{"href":"https:\/\/new.boxy.ma\/index.php\/wp-json\/wp\/v2\/types\/product"}],"replies":[{"embeddable":true,"href":"https:\/\/new.boxy.ma\/index.php\/wp-json\/wp\/v2\/comments?post=343"}],"wp:featuredmedia":[{"embeddable":true,"href":"https:\/\/new.boxy.ma\/index.php\/wp-json\/wp\/v2\/media\/423"}],"wp:attachment":[{"href":"https:\/\/new.boxy.ma\/index.php\/wp-json\/wp\/v2\/media?parent=343"}],"wp:term":[{"taxonomy":"product_brand","embeddable":true,"href":"https:\/\/new.boxy.ma\/index.php\/wp-json\/wp\/v2\/product_brand?post=343"},{"taxonomy":"product_cat","embeddable":true,"href":"https:\/\/new.boxy.ma\/index.php\/wp-json\/wp\/v2\/product_cat?post=343"},{"taxonomy":"product_tag","embeddable":true,"href":"https:\/\/new.boxy.ma\/index.php\/wp-json\/wp\/v2\/product_tag?post=343"}],"curies":[{"name":"wp","href":"https:\/\/api.w.org\/{rel}","templated":true}]}}