{"id":340,"date":"2026-04-27T21:33:36","date_gmt":"2026-04-27T19:33:36","guid":{"rendered":"https:\/\/new.boxy.ma\/?post_type=product&#038;p=340"},"modified":"2026-04-27T21:34:19","modified_gmt":"2026-04-27T19:34:19","slug":"recipiente-en-kraft-bio-box-n1-par-100-unites","status":"publish","type":"product","link":"https:\/\/new.boxy.ma\/index.php\/produit\/recipiente-en-kraft-bio-box-n1-par-100-unites\/","title":{"rendered":"Recipiente en KRAFT BIO BOX N\u00b01 , par 100 unites"},"content":{"rendered":"<p>&nbsp;<\/p>\n<ul>\n<li><strong>Conforme aux normes :<\/strong> CE<\/li>\n<li><strong>Dimensions : 10 x 12 x 6 cm<\/strong><\/li>\n<li><strong>Couleur :<\/strong> Kraft nature<\/li>\n<li><strong>Mati\u00e8re : kraft<\/strong><\/li>\n<li><strong>Carton :<\/strong> 600 unites<\/li>\n<\/ul>\n","protected":false},"excerpt":{"rendered":"<h1 class=\"h1 page-title\">R\u00e9cipient en kraft BIO BOX 100% biod\u00e9gradable<\/h1>\n<h5>Bo\u00eete en kraft \u00e9cologique et recyclable pour la vente de Tacos , Chocolats ou petite portion de repas \u00e0 emporter.<\/h5>\n<h5>Le carton supporte le froid et le chaud de -40\u00b0C \u00e0 +80\u00b0C, souple, r\u00e9sistant au choc, recyclable, micro-ondable.<\/h5>\n","protected":false},"featured_media":412,"comment_status":"open","ping_status":"closed","template":"","meta":[],"product_brand":[],"product_cat":[47,56],"product_tag":[],"class_list":{"0":"post-340","1":"product","2":"type-product","3":"status-publish","4":"has-post-thumbnail","6":"product_cat-barquettes-pots-bols","7":"product_cat-emballages-ecologiques","9":"first","10":"instock","11":"sale","12":"shipping-taxable","13":"purchasable","14":"product-type-simple"},"_links":{"self":[{"href":"https:\/\/new.boxy.ma\/index.php\/wp-json\/wp\/v2\/product\/340","targetHints":{"allow":["GET"]}}],"collection":[{"href":"https:\/\/new.boxy.ma\/index.php\/wp-json\/wp\/v2\/product"}],"about":[{"href":"https:\/\/new.boxy.ma\/index.php\/wp-json\/wp\/v2\/types\/product"}],"replies":[{"embeddable":true,"href":"https:\/\/new.boxy.ma\/index.php\/wp-json\/wp\/v2\/comments?post=340"}],"wp:featuredmedia":[{"embeddable":true,"href":"https:\/\/new.boxy.ma\/index.php\/wp-json\/wp\/v2\/media\/412"}],"wp:attachment":[{"href":"https:\/\/new.boxy.ma\/index.php\/wp-json\/wp\/v2\/media?parent=340"}],"wp:term":[{"taxonomy":"product_brand","embeddable":true,"href":"https:\/\/new.boxy.ma\/index.php\/wp-json\/wp\/v2\/product_brand?post=340"},{"taxonomy":"product_cat","embeddable":true,"href":"https:\/\/new.boxy.ma\/index.php\/wp-json\/wp\/v2\/product_cat?post=340"},{"taxonomy":"product_tag","embeddable":true,"href":"https:\/\/new.boxy.ma\/index.php\/wp-json\/wp\/v2\/product_tag?post=340"}],"curies":[{"name":"wp","href":"https:\/\/api.w.org\/{rel}","templated":true}]}}