{"id":336,"date":"2026-04-27T21:33:36","date_gmt":"2026-04-27T19:33:36","guid":{"rendered":"https:\/\/new.boxy.ma\/?post_type=product&#038;p=336"},"modified":"2026-04-27T21:34:08","modified_gmt":"2026-04-27T19:34:08","slug":"bol-a-soupe-ronde-avec-couvercle-en-carton-kraft32oz-940ml-par-25u","status":"publish","type":"product","link":"https:\/\/new.boxy.ma\/index.php\/produit\/bol-a-soupe-ronde-avec-couvercle-en-carton-kraft32oz-940ml-par-25u\/","title":{"rendered":"Bol a soupe ronde avec couvercle en carton KRAFT,32oz\/940ml , par 25u"},"content":{"rendered":"<p>&nbsp;<\/p>\n<ul>\n<li><strong>Conforme aux normes :<\/strong> CE<\/li>\n<li><strong>Dimensions :\u00a0 32oz \/ 940ml\u00a0<\/strong><\/li>\n<li><strong>Couleur :<\/strong> Maron<\/li>\n<li><strong>Mati\u00e8re : KRAFT<\/strong><\/li>\n<li><strong>Carton :<\/strong> 25 paquet<\/li>\n<\/ul>\n","protected":false},"excerpt":{"rendered":"<h1>Pot \u00e0 soupe carton, id\u00e9al pour vos plats chauds<\/h1>\n<h4>Nous vous proposons le pot \u00e0 soupe carton, parfaitement stable, un carton \u00e9pais et rigide.<\/h4>\n<p style=\"font-weight: 400;\">Fabriqu\u00e9s \u00e0 partir de mat\u00e9riaux durables et respectueux de l&rsquo;environnement, ces\u00a0<b><strong>pot a soupe jetable<\/strong><\/b>\u00a0constituent un moyen chic et \u00e9co-\u00e9l\u00e9gant de servir des plats chauds et froids. D&rsquo;une qualit\u00e9 excellente, notre\u00a0<b><strong>pot soupe en carton<\/strong><\/b>\u00a0assure une qualit\u00e9 une \u00e9tanch\u00e9it\u00e9 parfaite et optimale.\u00a0 Gr\u00e2ce \u00e0 son couvercle adapt\u00e9, le\u00a0<b><strong>bol a soupe jetable<\/strong><\/b>\u00a0est totalement herm\u00e9tique et maintient la chaleur du plat. Ce\u00a0<b><strong>pot a soupe jetable<\/strong><\/b>\u00a0est fabriqu\u00e9 en carton kraft brun et est dot\u00e9 d&rsquo;un rev\u00eatement PLA, qui le rend parfaitement ingraissable et biod\u00e9gradable.\u00a0 Ainsi, il n&rsquo;y a aucun risque que le carton se d\u00e9chire au cours du transport. De plus, le carton utilis\u00e9 pour ces\u00a0<b><strong>pot a soupe a emporter<\/strong><\/b>\u00a0est apte au contact alimentaire direct.<\/p>\n<p style=\"font-weight: 400;\">Tous les professionnels qui proposent des velout\u00e9s, soupes et potages \u00e0 la vente \u00e0 emporter trouveront tr\u00e8s avantageux de pr\u00e9parer \u00e0 l&rsquo;avance\u00a0les portions de soupes gr\u00e2ce \u00e0 cet emballage.\u00a0 Ce produit est empilable, donc vous pourrez ais\u00e9ment les stocker au r\u00e9frig\u00e9rateur et ainsi gagner un temps pr\u00e9cieux au moment du service<\/p>\n","protected":false},"featured_media":397,"comment_status":"open","ping_status":"closed","template":"","meta":[],"product_brand":[],"product_cat":[47,56],"product_tag":[],"class_list":{"0":"post-336","1":"product","2":"type-product","3":"status-publish","4":"has-post-thumbnail","6":"product_cat-barquettes-pots-bols","7":"product_cat-emballages-ecologiques","9":"first","10":"outofstock","11":"sale","12":"shipping-taxable","13":"purchasable","14":"product-type-simple"},"_links":{"self":[{"href":"https:\/\/new.boxy.ma\/index.php\/wp-json\/wp\/v2\/product\/336","targetHints":{"allow":["GET"]}}],"collection":[{"href":"https:\/\/new.boxy.ma\/index.php\/wp-json\/wp\/v2\/product"}],"about":[{"href":"https:\/\/new.boxy.ma\/index.php\/wp-json\/wp\/v2\/types\/product"}],"replies":[{"embeddable":true,"href":"https:\/\/new.boxy.ma\/index.php\/wp-json\/wp\/v2\/comments?post=336"}],"wp:featuredmedia":[{"embeddable":true,"href":"https:\/\/new.boxy.ma\/index.php\/wp-json\/wp\/v2\/media\/397"}],"wp:attachment":[{"href":"https:\/\/new.boxy.ma\/index.php\/wp-json\/wp\/v2\/media?parent=336"}],"wp:term":[{"taxonomy":"product_brand","embeddable":true,"href":"https:\/\/new.boxy.ma\/index.php\/wp-json\/wp\/v2\/product_brand?post=336"},{"taxonomy":"product_cat","embeddable":true,"href":"https:\/\/new.boxy.ma\/index.php\/wp-json\/wp\/v2\/product_cat?post=336"},{"taxonomy":"product_tag","embeddable":true,"href":"https:\/\/new.boxy.ma\/index.php\/wp-json\/wp\/v2\/product_tag?post=336"}],"curies":[{"name":"wp","href":"https:\/\/api.w.org\/{rel}","templated":true}]}}