{"id":311,"date":"2026-04-27T21:33:13","date_gmt":"2026-04-27T19:33:13","guid":{"rendered":"https:\/\/new.boxy.ma\/?post_type=product&#038;p=311"},"modified":"2026-04-27T21:34:04","modified_gmt":"2026-04-27T19:34:04","slug":"pot-a-glace-en-carton-kraft-4oz-120ml-par-50-unites","status":"publish","type":"product","link":"https:\/\/new.boxy.ma\/index.php\/produit\/pot-a-glace-en-carton-kraft-4oz-120ml-par-50-unites\/","title":{"rendered":"Pot \u00e0 glace en carton kraft , 4oz\/120ml , par 50 unites"},"content":{"rendered":"<p>&nbsp;<\/p>\n<ul>\n<li><strong>Conforme aux normes :<\/strong> CE<\/li>\n<li><strong>Dimensions :\u00a0 4oz \/ 125ml\u00a0<\/strong><\/li>\n<li><strong>Couleur :<\/strong> Maron<\/li>\n<li><strong>Mati\u00e8re : KRAFT<\/strong><\/li>\n<li><strong>Carton :<\/strong> 20 paquet<\/li>\n<\/ul>\n","protected":false},"excerpt":{"rendered":"<h3><strong>Pot \u00e0 glace en carton kraft 1 Bol<\/strong><\/h3>\n<p>Faites le choix de l\u2019\u00e9cologie gr\u00e2ce \u00e0 ces pots \u00e0 glace Kraft par Matfer !<\/p>\n<p>Ces pots \u00e0 glace\u00a0 sont compos\u00e9s de carton et sont enduits d\u2019un film en poly\u00e9thyl\u00e8ne pour une meilleure r\u00e9sistance aux liquides et \u00e0 la prise en main. Ces deux mat\u00e9riaux sont enti\u00e8rement recyclables et poss\u00e8dent un faible impact \u00e9cologique, pour le bien de la plan\u00e8te ! Aucune ressource fossile n\u2019a \u00e9t\u00e9 utilis\u00e9e pour leur fabrication, et le carton est issu de for\u00eats g\u00e9r\u00e9es durablement selon le cahier des charges FSC.<\/p>\n<p>Leur design est tr\u00e8s simple : ces pots \u00e0 glace sont couleur kraft et ne disposent d\u2019aucune impression. Aussi simples et naturels que leur composition !<\/p>\n","protected":false},"featured_media":394,"comment_status":"open","ping_status":"closed","template":"","meta":[],"product_brand":[],"product_cat":[47,56],"product_tag":[],"class_list":{"0":"post-311","1":"product","2":"type-product","3":"status-publish","4":"has-post-thumbnail","6":"product_cat-barquettes-pots-bols","7":"product_cat-emballages-ecologiques","9":"first","10":"instock","11":"sale","12":"shipping-taxable","13":"purchasable","14":"product-type-simple"},"_links":{"self":[{"href":"https:\/\/new.boxy.ma\/index.php\/wp-json\/wp\/v2\/product\/311","targetHints":{"allow":["GET"]}}],"collection":[{"href":"https:\/\/new.boxy.ma\/index.php\/wp-json\/wp\/v2\/product"}],"about":[{"href":"https:\/\/new.boxy.ma\/index.php\/wp-json\/wp\/v2\/types\/product"}],"replies":[{"embeddable":true,"href":"https:\/\/new.boxy.ma\/index.php\/wp-json\/wp\/v2\/comments?post=311"}],"wp:featuredmedia":[{"embeddable":true,"href":"https:\/\/new.boxy.ma\/index.php\/wp-json\/wp\/v2\/media\/394"}],"wp:attachment":[{"href":"https:\/\/new.boxy.ma\/index.php\/wp-json\/wp\/v2\/media?parent=311"}],"wp:term":[{"taxonomy":"product_brand","embeddable":true,"href":"https:\/\/new.boxy.ma\/index.php\/wp-json\/wp\/v2\/product_brand?post=311"},{"taxonomy":"product_cat","embeddable":true,"href":"https:\/\/new.boxy.ma\/index.php\/wp-json\/wp\/v2\/product_cat?post=311"},{"taxonomy":"product_tag","embeddable":true,"href":"https:\/\/new.boxy.ma\/index.php\/wp-json\/wp\/v2\/product_tag?post=311"}],"curies":[{"name":"wp","href":"https:\/\/api.w.org\/{rel}","templated":true}]}}