{"id":307,"date":"2026-04-27T21:33:12","date_gmt":"2026-04-27T19:33:12","guid":{"rendered":"https:\/\/new.boxy.ma\/?post_type=product&#038;p=307"},"modified":"2026-04-27T21:33:53","modified_gmt":"2026-04-27T19:33:53","slug":"natte-a-sushi-en-bambou-professionnelle-makisu","status":"publish","type":"product","link":"https:\/\/new.boxy.ma\/index.php\/produit\/natte-a-sushi-en-bambou-professionnelle-makisu\/","title":{"rendered":"Natte \u00e0 sushi en Bambou professionnelle , MAKISU"},"content":{"rendered":"<ul>\n<li><strong>Conforme aux normes :<\/strong> CE<\/li>\n<li><strong>Dimensions : 270x270mm<\/strong><\/li>\n<li><strong>Couleur :<\/strong> Nature<\/li>\n<li><strong>Mati\u00e8re : Bambou<\/strong><\/li>\n<li><strong>Carton :<\/strong> 30 unites<\/li>\n<\/ul>\n","protected":false},"excerpt":{"rendered":"<h2>Makisu &#8211; la natte en bambou est un ustensile traditionnel de pr\u00e9paration des sushis utilis\u00e9 depuis des mill\u00e9naires au Japon. Simple et pas cher, ce roller sushi est id\u00e9al pour la pr\u00e9paration des makis faits maison.<\/h2>\n","protected":false},"featured_media":371,"comment_status":"open","ping_status":"closed","template":"","meta":[],"product_brand":[],"product_cat":[56,57,55],"product_tag":[],"class_list":{"0":"post-307","1":"product","2":"type-product","3":"status-publish","4":"has-post-thumbnail","6":"product_cat-emballages-ecologiques","7":"product_cat-plateaux-supports","8":"product_cat-vaisselle-serviettes","10":"first","11":"instock","12":"sale","13":"shipping-taxable","14":"purchasable","15":"product-type-simple"},"_links":{"self":[{"href":"https:\/\/new.boxy.ma\/index.php\/wp-json\/wp\/v2\/product\/307","targetHints":{"allow":["GET"]}}],"collection":[{"href":"https:\/\/new.boxy.ma\/index.php\/wp-json\/wp\/v2\/product"}],"about":[{"href":"https:\/\/new.boxy.ma\/index.php\/wp-json\/wp\/v2\/types\/product"}],"replies":[{"embeddable":true,"href":"https:\/\/new.boxy.ma\/index.php\/wp-json\/wp\/v2\/comments?post=307"}],"wp:featuredmedia":[{"embeddable":true,"href":"https:\/\/new.boxy.ma\/index.php\/wp-json\/wp\/v2\/media\/371"}],"wp:attachment":[{"href":"https:\/\/new.boxy.ma\/index.php\/wp-json\/wp\/v2\/media?parent=307"}],"wp:term":[{"taxonomy":"product_brand","embeddable":true,"href":"https:\/\/new.boxy.ma\/index.php\/wp-json\/wp\/v2\/product_brand?post=307"},{"taxonomy":"product_cat","embeddable":true,"href":"https:\/\/new.boxy.ma\/index.php\/wp-json\/wp\/v2\/product_cat?post=307"},{"taxonomy":"product_tag","embeddable":true,"href":"https:\/\/new.boxy.ma\/index.php\/wp-json\/wp\/v2\/product_tag?post=307"}],"curies":[{"name":"wp","href":"https:\/\/api.w.org\/{rel}","templated":true}]}}