{"id":306,"date":"2026-04-27T21:33:12","date_gmt":"2026-04-27T19:33:12","guid":{"rendered":"https:\/\/new.boxy.ma\/?post_type=product&#038;p=306"},"modified":"2026-04-27T21:33:51","modified_gmt":"2026-04-27T19:33:51","slug":"porte-gobelets-en-carton-pour-2-gobelets-par-100-unites","status":"publish","type":"product","link":"https:\/\/new.boxy.ma\/index.php\/produit\/porte-gobelets-en-carton-pour-2-gobelets-par-100-unites\/","title":{"rendered":"Porte gobelets en carton pour 2 gobelets &#8211; par 100 unites"},"content":{"rendered":"<ul>\n<li><strong>Conforme aux normes :<\/strong> CE<\/li>\n<li><strong>Dimensions : 200x218x44 mm<\/strong><\/li>\n<li><strong>Couleur :<\/strong> Nature<\/li>\n<li><strong>Mati\u00e8re : <\/strong>Carton\u00a0<strong>recycl\u00e9 &amp; recyclable<\/strong><\/li>\n<li><strong>Carton :<\/strong> 480 unites<\/li>\n<\/ul>\n","protected":false},"excerpt":{"rendered":"<p><strong>Le porte-gobelet est un dispositif qui permet de transporter plusieurs gobelets en toute s\u00e9curit\u00e9. C\u2019est d\u2019ailleurs un bon moyen d\u2019emmener plusieurs boissons n\u2019importe o\u00f9. Pour ne jamais \u00eatre \u00e0 court de votre boisson pr\u00e9f\u00e9r\u00e9e pendant vos sorties, adoptez le porte-gobelet pour 2 gobelets fabriqu\u00e9 en carton recycl\u00e9. Le produit mesure 200 mm de longueur, 218 mm de largeur et 44 mm de hauteur.<\/strong><\/p>\n","protected":false},"featured_media":370,"comment_status":"open","ping_status":"closed","template":"","meta":[],"product_brand":[],"product_cat":[56,57],"product_tag":[],"class_list":{"0":"post-306","1":"product","2":"type-product","3":"status-publish","4":"has-post-thumbnail","6":"product_cat-emballages-ecologiques","7":"product_cat-plateaux-supports","9":"first","10":"instock","11":"sale","12":"shipping-taxable","13":"purchasable","14":"product-type-simple"},"_links":{"self":[{"href":"https:\/\/new.boxy.ma\/index.php\/wp-json\/wp\/v2\/product\/306","targetHints":{"allow":["GET"]}}],"collection":[{"href":"https:\/\/new.boxy.ma\/index.php\/wp-json\/wp\/v2\/product"}],"about":[{"href":"https:\/\/new.boxy.ma\/index.php\/wp-json\/wp\/v2\/types\/product"}],"replies":[{"embeddable":true,"href":"https:\/\/new.boxy.ma\/index.php\/wp-json\/wp\/v2\/comments?post=306"}],"wp:featuredmedia":[{"embeddable":true,"href":"https:\/\/new.boxy.ma\/index.php\/wp-json\/wp\/v2\/media\/370"}],"wp:attachment":[{"href":"https:\/\/new.boxy.ma\/index.php\/wp-json\/wp\/v2\/media?parent=306"}],"wp:term":[{"taxonomy":"product_brand","embeddable":true,"href":"https:\/\/new.boxy.ma\/index.php\/wp-json\/wp\/v2\/product_brand?post=306"},{"taxonomy":"product_cat","embeddable":true,"href":"https:\/\/new.boxy.ma\/index.php\/wp-json\/wp\/v2\/product_cat?post=306"},{"taxonomy":"product_tag","embeddable":true,"href":"https:\/\/new.boxy.ma\/index.php\/wp-json\/wp\/v2\/product_tag?post=306"}],"curies":[{"name":"wp","href":"https:\/\/api.w.org\/{rel}","templated":true}]}}