{"id":305,"date":"2026-04-27T21:33:12","date_gmt":"2026-04-27T19:33:12","guid":{"rendered":"https:\/\/new.boxy.ma\/?post_type=product&#038;p=305"},"modified":"2026-04-27T21:33:49","modified_gmt":"2026-04-27T19:33:49","slug":"boite-a-sushi-et-maki-en-bambou","status":"publish","type":"product","link":"https:\/\/new.boxy.ma\/index.php\/produit\/boite-a-sushi-et-maki-en-bambou\/","title":{"rendered":"Bo\u00eete \u00e0 sushi et maki en Bambou"},"content":{"rendered":"<ul>\n<li><strong>Conforme aux normes :<\/strong> CE<\/li>\n<li><strong>Dimensions : 110\u00d71,5mm<\/strong><\/li>\n<li><strong>Couleur :<\/strong> Bois Nature<\/li>\n<li><strong>Mati\u00e8re :<\/strong> Bambou<\/li>\n<li><strong>Carton :<\/strong> 4 unites<\/li>\n<\/ul>\n","protected":false},"excerpt":{"rendered":"<p><strong><span lang=\"FR\">Bo\u00eete\u00a0<\/span><\/strong><span lang=\"FR\">en Bambou de couleur bois de 23x13x4,5cm.<\/span><\/p>\n<p>Bo\u00eete est utilis\u00e9e dans la restauration rapide, buffet dinatoire, mais aussi lors de d\u00e9gustations. Connu sous le nom Sushi Maki Mat Box<\/p>\n<p>&nbsp;<\/p>\n","protected":false},"featured_media":368,"comment_status":"open","ping_status":"closed","template":"","meta":[],"product_brand":[],"product_cat":[54,56],"product_tag":[],"class_list":{"0":"post-305","1":"product","2":"type-product","3":"status-publish","4":"has-post-thumbnail","6":"product_cat-boites-etuis-carton","7":"product_cat-emballages-ecologiques","9":"first","10":"instock","11":"sale","12":"shipping-taxable","13":"purchasable","14":"product-type-simple"},"_links":{"self":[{"href":"https:\/\/new.boxy.ma\/index.php\/wp-json\/wp\/v2\/product\/305","targetHints":{"allow":["GET"]}}],"collection":[{"href":"https:\/\/new.boxy.ma\/index.php\/wp-json\/wp\/v2\/product"}],"about":[{"href":"https:\/\/new.boxy.ma\/index.php\/wp-json\/wp\/v2\/types\/product"}],"replies":[{"embeddable":true,"href":"https:\/\/new.boxy.ma\/index.php\/wp-json\/wp\/v2\/comments?post=305"}],"wp:featuredmedia":[{"embeddable":true,"href":"https:\/\/new.boxy.ma\/index.php\/wp-json\/wp\/v2\/media\/368"}],"wp:attachment":[{"href":"https:\/\/new.boxy.ma\/index.php\/wp-json\/wp\/v2\/media?parent=305"}],"wp:term":[{"taxonomy":"product_brand","embeddable":true,"href":"https:\/\/new.boxy.ma\/index.php\/wp-json\/wp\/v2\/product_brand?post=305"},{"taxonomy":"product_cat","embeddable":true,"href":"https:\/\/new.boxy.ma\/index.php\/wp-json\/wp\/v2\/product_cat?post=305"},{"taxonomy":"product_tag","embeddable":true,"href":"https:\/\/new.boxy.ma\/index.php\/wp-json\/wp\/v2\/product_tag?post=305"}],"curies":[{"name":"wp","href":"https:\/\/api.w.org\/{rel}","templated":true}]}}