{"id":301,"date":"2026-04-27T21:33:12","date_gmt":"2026-04-27T19:33:12","guid":{"rendered":"https:\/\/new.boxy.ma\/?post_type=product&#038;p=301"},"modified":"2026-04-27T21:33:46","modified_gmt":"2026-04-27T19:33:46","slug":"pics-decoratifs-en-bambou-modele-estrella-12-cm-assortiment-de-rouges-et-noirs","status":"publish","type":"product","link":"https:\/\/new.boxy.ma\/index.php\/produit\/pics-decoratifs-en-bambou-modele-estrella-12-cm-assortiment-de-rouges-et-noirs\/","title":{"rendered":"Pics D\u00e9coratifs en Bambou Mod\u00e8le \u201cESTRELLA\u201d 12 cm. Assortiment de rouges et noirs"},"content":{"rendered":"<ul>\n<li><strong>Conforme aux normes :<\/strong> CE<\/li>\n<li><strong>Dimensions : 12 cm<\/strong><\/li>\n<li><strong>Couleur :<\/strong> Bois Nature<\/li>\n<li><strong>Mati\u00e8re :<\/strong> Bambou<\/li>\n<li><strong>Carton :<\/strong> 200 unites<\/li>\n<\/ul>\n","protected":false},"excerpt":{"rendered":"<h3><strong>Le pique ruban : pratique, r\u00e9sistant et \u00e9cologique<\/strong><\/h3>\n<p>Le pique D\u00e9coratifs en bambou de 12 cm vous permets de confectionner une large vari\u00e9t\u00e9 de petites brochettes pour vos ap\u00e9ritifs dinatoires ou buffets<\/p>\n<p>De plus ce pique golf est r\u00e9sistant, robuste et \u00e9cologique.<\/p>\n<p>&nbsp;<\/p>\n","protected":false},"featured_media":360,"comment_status":"open","ping_status":"closed","template":"","meta":[],"product_brand":[],"product_cat":[55],"product_tag":[],"class_list":{"0":"post-301","1":"product","2":"type-product","3":"status-publish","4":"has-post-thumbnail","6":"product_cat-vaisselle-serviettes","8":"first","9":"instock","10":"sale","11":"shipping-taxable","12":"purchasable","13":"product-type-simple"},"_links":{"self":[{"href":"https:\/\/new.boxy.ma\/index.php\/wp-json\/wp\/v2\/product\/301","targetHints":{"allow":["GET"]}}],"collection":[{"href":"https:\/\/new.boxy.ma\/index.php\/wp-json\/wp\/v2\/product"}],"about":[{"href":"https:\/\/new.boxy.ma\/index.php\/wp-json\/wp\/v2\/types\/product"}],"replies":[{"embeddable":true,"href":"https:\/\/new.boxy.ma\/index.php\/wp-json\/wp\/v2\/comments?post=301"}],"wp:featuredmedia":[{"embeddable":true,"href":"https:\/\/new.boxy.ma\/index.php\/wp-json\/wp\/v2\/media\/360"}],"wp:attachment":[{"href":"https:\/\/new.boxy.ma\/index.php\/wp-json\/wp\/v2\/media?parent=301"}],"wp:term":[{"taxonomy":"product_brand","embeddable":true,"href":"https:\/\/new.boxy.ma\/index.php\/wp-json\/wp\/v2\/product_brand?post=301"},{"taxonomy":"product_cat","embeddable":true,"href":"https:\/\/new.boxy.ma\/index.php\/wp-json\/wp\/v2\/product_cat?post=301"},{"taxonomy":"product_tag","embeddable":true,"href":"https:\/\/new.boxy.ma\/index.php\/wp-json\/wp\/v2\/product_tag?post=301"}],"curies":[{"name":"wp","href":"https:\/\/api.w.org\/{rel}","templated":true}]}}