{"id":300,"date":"2026-04-27T21:33:12","date_gmt":"2026-04-27T19:33:12","guid":{"rendered":"https:\/\/new.boxy.ma\/?post_type=product&#038;p=300"},"modified":"2026-04-27T21:33:46","modified_gmt":"2026-04-27T19:33:46","slug":"1000-fourchettes-a-frites-bois-biodegradables-economiques-85-cm","status":"publish","type":"product","link":"https:\/\/new.boxy.ma\/index.php\/produit\/1000-fourchettes-a-frites-bois-biodegradables-economiques-85-cm\/","title":{"rendered":"1000 Fourchettes \u00e0 frites bois biod\u00e9gradables \u00e9conomiques 8,5 cm"},"content":{"rendered":"<ul>\n<li><strong>Conforme aux normes :<\/strong> CE<\/li>\n<li><strong>Dimensions : 8,5 cm<\/strong><\/li>\n<li><strong>Couleur :<\/strong> Bois Nature<\/li>\n<li><strong>Mati\u00e8re :<\/strong> Bois 100% naturel<\/li>\n<li><strong>Carton :<\/strong> 1000 unites<\/li>\n<\/ul>\n","protected":false},"excerpt":{"rendered":"<h3><strong>Des Fourchettes \u00e0 Frites\u00a0 100% \u00e9cologiques<\/strong><\/h3>\n<p>Fourchettes \u00e0 frites en bois biod\u00e9gradables \u00e9conomiques , couverts compostables durables \u00e0 usage unique en bois de bouleau l\u00e9ger, donc ne n\u00e9cessitant aucun type de blanchiment,\u00a0 petites fourchettes \u00e0 surface compl\u00e8tement lisse sans \u00e9clats, gr\u00e2ce \u00e0 leur traitement sp\u00e9cial, stables et insipides adapt\u00e9s \u00e0 un usage alimentaire<\/p>\n<p>Petites Fourchetes \u00e0 frites en bois jetables pour \u00e9v\u00e9nements ou restauration mesurent 8,5 cm de long couleur bois naturel<\/p>\n","protected":false},"featured_media":358,"comment_status":"open","ping_status":"closed","template":"","meta":[],"product_brand":[],"product_cat":[56,55],"product_tag":[],"class_list":{"0":"post-300","1":"product","2":"type-product","3":"status-publish","4":"has-post-thumbnail","6":"product_cat-emballages-ecologiques","7":"product_cat-vaisselle-serviettes","9":"first","10":"instock","11":"sale","12":"shipping-taxable","13":"purchasable","14":"product-type-simple"},"_links":{"self":[{"href":"https:\/\/new.boxy.ma\/index.php\/wp-json\/wp\/v2\/product\/300","targetHints":{"allow":["GET"]}}],"collection":[{"href":"https:\/\/new.boxy.ma\/index.php\/wp-json\/wp\/v2\/product"}],"about":[{"href":"https:\/\/new.boxy.ma\/index.php\/wp-json\/wp\/v2\/types\/product"}],"replies":[{"embeddable":true,"href":"https:\/\/new.boxy.ma\/index.php\/wp-json\/wp\/v2\/comments?post=300"}],"wp:featuredmedia":[{"embeddable":true,"href":"https:\/\/new.boxy.ma\/index.php\/wp-json\/wp\/v2\/media\/358"}],"wp:attachment":[{"href":"https:\/\/new.boxy.ma\/index.php\/wp-json\/wp\/v2\/media?parent=300"}],"wp:term":[{"taxonomy":"product_brand","embeddable":true,"href":"https:\/\/new.boxy.ma\/index.php\/wp-json\/wp\/v2\/product_brand?post=300"},{"taxonomy":"product_cat","embeddable":true,"href":"https:\/\/new.boxy.ma\/index.php\/wp-json\/wp\/v2\/product_cat?post=300"},{"taxonomy":"product_tag","embeddable":true,"href":"https:\/\/new.boxy.ma\/index.php\/wp-json\/wp\/v2\/product_tag?post=300"}],"curies":[{"name":"wp","href":"https:\/\/api.w.org\/{rel}","templated":true}]}}