{"id":295,"date":"2026-04-27T21:33:12","date_gmt":"2026-04-27T19:33:12","guid":{"rendered":"https:\/\/new.boxy.ma\/?post_type=product&#038;p=295"},"modified":"2026-04-27T21:33:41","modified_gmt":"2026-04-27T19:33:41","slug":"50-barquettes-plastique-noir-micro-ondables-avec-couvercle-1-compartiment","status":"publish","type":"product","link":"https:\/\/new.boxy.ma\/index.php\/produit\/50-barquettes-plastique-noir-micro-ondables-avec-couvercle-1-compartiment\/","title":{"rendered":"50 Barquettes plastique NOIR Micro-Ondables avec couvercle 1 Compartiment"},"content":{"rendered":"<ul>\n<li><strong>Conforme aux normes :<\/strong> CE<\/li>\n<li><strong>Dimensions :<\/strong> 1250ml<\/li>\n<li><strong>Couleur :<\/strong> Noire &amp; Transparente<\/li>\n<li><strong>Mati\u00e8re :<\/strong> Polypropyl\u00e8ne Noir<\/li>\n<li><strong>Carton :<\/strong> 250 unites \u00ab\u00a0<\/li>\n<\/ul>\n","protected":false},"excerpt":{"rendered":"<h3><strong>Pratique et esth\u00e9tique pour tout vos plats<br \/>\n<\/strong><\/h3>\n<p>&nbsp;<\/p>\n<p>Les\u00a0<strong>bo\u00eetes alimentaires micro-ondable noire<\/strong>, d&rsquo;une contenance de\u00a0<strong>1250 ml r\u00e9partit en un et deux ou bien trois compartiments<\/strong> sont id\u00e9ales pour vos plats chauds pour une personne. Elles allient design, \u00e9l\u00e9gance et praticit\u00e9. Cette barquette alimentaire est parfaitement adapt\u00e9e au micro-onde et est totalement herm\u00e9tique gr\u00e2ce \u00e0 son couvercle (vendu s\u00e9par\u00e9ment).<\/p>\n<p>Les\u00a0<strong>barquettes alimentaires Cookipack 1250 ml \u00e0 compartiments\u00a0<\/strong>sont tr\u00e8s pratiques pour transporter en toute s\u00e9curit\u00e9 vos produits.\u00a0Elles sont tr\u00e8s appr\u00e9ci\u00e9es des traiteurs et restaurateurs.<\/p>\n","protected":false},"featured_media":347,"comment_status":"open","ping_status":"closed","template":"","meta":[],"product_brand":[],"product_cat":[47],"product_tag":[],"class_list":{"0":"post-295","1":"product","2":"type-product","3":"status-publish","4":"has-post-thumbnail","6":"product_cat-barquettes-pots-bols","8":"first","9":"instock","10":"sale","11":"shipping-taxable","12":"purchasable","13":"product-type-simple"},"_links":{"self":[{"href":"https:\/\/new.boxy.ma\/index.php\/wp-json\/wp\/v2\/product\/295","targetHints":{"allow":["GET"]}}],"collection":[{"href":"https:\/\/new.boxy.ma\/index.php\/wp-json\/wp\/v2\/product"}],"about":[{"href":"https:\/\/new.boxy.ma\/index.php\/wp-json\/wp\/v2\/types\/product"}],"replies":[{"embeddable":true,"href":"https:\/\/new.boxy.ma\/index.php\/wp-json\/wp\/v2\/comments?post=295"}],"wp:featuredmedia":[{"embeddable":true,"href":"https:\/\/new.boxy.ma\/index.php\/wp-json\/wp\/v2\/media\/347"}],"wp:attachment":[{"href":"https:\/\/new.boxy.ma\/index.php\/wp-json\/wp\/v2\/media?parent=295"}],"wp:term":[{"taxonomy":"product_brand","embeddable":true,"href":"https:\/\/new.boxy.ma\/index.php\/wp-json\/wp\/v2\/product_brand?post=295"},{"taxonomy":"product_cat","embeddable":true,"href":"https:\/\/new.boxy.ma\/index.php\/wp-json\/wp\/v2\/product_cat?post=295"},{"taxonomy":"product_tag","embeddable":true,"href":"https:\/\/new.boxy.ma\/index.php\/wp-json\/wp\/v2\/product_tag?post=295"}],"curies":[{"name":"wp","href":"https:\/\/api.w.org\/{rel}","templated":true}]}}