{"id":291,"date":"2026-04-27T21:33:12","date_gmt":"2026-04-27T19:33:12","guid":{"rendered":"https:\/\/new.boxy.ma\/?post_type=product&#038;p=291"},"modified":"2026-04-27T21:33:29","modified_gmt":"2026-04-27T19:33:29","slug":"barquette-plastique-cristal-transparente-part-de-tarte-triangle","status":"publish","type":"product","link":"https:\/\/new.boxy.ma\/index.php\/produit\/barquette-plastique-cristal-transparente-part-de-tarte-triangle\/","title":{"rendered":"Barquette plastique cristal transparente Part de Tarte Triangle"},"content":{"rendered":"<ul>\n<li><strong>Conforme aux normes :<\/strong> CE<\/li>\n<li><strong>Dimensions :<\/strong> 16,2 x 13,5 x 5 cm<\/li>\n<li><strong>Couleur :<\/strong> Transparente<\/li>\n<li><strong>Mati\u00e8re :<\/strong> PET<\/li>\n<li><strong>Carton :<\/strong> 90 unites<\/li>\n<\/ul>\n","protected":false},"excerpt":{"rendered":"<p>Boite triangle Patipack en plastique APET transparent \u00e0 couvercle charni\u00e8re pour les pr\u00e9parations sal\u00e9es ou sucr\u00e9es.<\/p>\n","protected":false},"featured_media":326,"comment_status":"open","ping_status":"closed","template":"","meta":[],"product_brand":[],"product_cat":[47],"product_tag":[],"class_list":{"0":"post-291","1":"product","2":"type-product","3":"status-publish","4":"has-post-thumbnail","6":"product_cat-barquettes-pots-bols","8":"first","9":"instock","10":"shipping-taxable","11":"purchasable","12":"product-type-simple"},"_links":{"self":[{"href":"https:\/\/new.boxy.ma\/index.php\/wp-json\/wp\/v2\/product\/291","targetHints":{"allow":["GET"]}}],"collection":[{"href":"https:\/\/new.boxy.ma\/index.php\/wp-json\/wp\/v2\/product"}],"about":[{"href":"https:\/\/new.boxy.ma\/index.php\/wp-json\/wp\/v2\/types\/product"}],"replies":[{"embeddable":true,"href":"https:\/\/new.boxy.ma\/index.php\/wp-json\/wp\/v2\/comments?post=291"}],"wp:featuredmedia":[{"embeddable":true,"href":"https:\/\/new.boxy.ma\/index.php\/wp-json\/wp\/v2\/media\/326"}],"wp:attachment":[{"href":"https:\/\/new.boxy.ma\/index.php\/wp-json\/wp\/v2\/media?parent=291"}],"wp:term":[{"taxonomy":"product_brand","embeddable":true,"href":"https:\/\/new.boxy.ma\/index.php\/wp-json\/wp\/v2\/product_brand?post=291"},{"taxonomy":"product_cat","embeddable":true,"href":"https:\/\/new.boxy.ma\/index.php\/wp-json\/wp\/v2\/product_cat?post=291"},{"taxonomy":"product_tag","embeddable":true,"href":"https:\/\/new.boxy.ma\/index.php\/wp-json\/wp\/v2\/product_tag?post=291"}],"curies":[{"name":"wp","href":"https:\/\/api.w.org\/{rel}","templated":true}]}}