{"id":290,"date":"2026-04-27T21:33:12","date_gmt":"2026-04-27T19:33:12","guid":{"rendered":"https:\/\/new.boxy.ma\/?post_type=product&#038;p=290"},"modified":"2026-04-27T21:33:27","modified_gmt":"2026-04-27T19:33:27","slug":"pot-rond-a-dessert-cristal-9-oz-avec-couvecle-bombe-plat-par-100u","status":"publish","type":"product","link":"https:\/\/new.boxy.ma\/index.php\/produit\/pot-rond-a-dessert-cristal-9-oz-avec-couvecle-bombe-plat-par-100u\/","title":{"rendered":"Pot Rond \u00e0 Dessert Cristal 9 oz avec couvecle bomb\u00e9 \/ plat , Par 100u"},"content":{"rendered":"<ul>\n<li><strong>Conforme aux normes :<\/strong> CE<\/li>\n<li><strong>Dimensions :<\/strong> 9 oz<\/li>\n<li><strong>Couleur :<\/strong> Transparente<\/li>\n<li><strong>Mati\u00e8re :<\/strong> PET<\/li>\n<li><strong>Carton :<\/strong> 50 unites<\/li>\n<\/ul>\n","protected":false},"excerpt":{"rendered":"<p>Pot 9 oz adapt\u00e9 pour la vente \u00e0 emporter, du type yaourts, cr\u00e8mes, tiramisu, pana-cota..<\/p>\n","protected":false},"featured_media":323,"comment_status":"open","ping_status":"closed","template":"","meta":[],"product_brand":[],"product_cat":[47],"product_tag":[52,40,41,42,53],"class_list":{"0":"post-290","1":"product","2":"type-product","3":"status-publish","4":"has-post-thumbnail","6":"product_cat-barquettes-pots-bols","7":"product_tag-bolscrystal","8":"product_tag-emballage","9":"product_tag-envases","10":"product_tag-packaging","11":"product_tag-potdessert","13":"first","14":"instock","15":"sale","16":"shipping-taxable","17":"purchasable","18":"product-type-simple"},"_links":{"self":[{"href":"https:\/\/new.boxy.ma\/index.php\/wp-json\/wp\/v2\/product\/290","targetHints":{"allow":["GET"]}}],"collection":[{"href":"https:\/\/new.boxy.ma\/index.php\/wp-json\/wp\/v2\/product"}],"about":[{"href":"https:\/\/new.boxy.ma\/index.php\/wp-json\/wp\/v2\/types\/product"}],"replies":[{"embeddable":true,"href":"https:\/\/new.boxy.ma\/index.php\/wp-json\/wp\/v2\/comments?post=290"}],"wp:featuredmedia":[{"embeddable":true,"href":"https:\/\/new.boxy.ma\/index.php\/wp-json\/wp\/v2\/media\/323"}],"wp:attachment":[{"href":"https:\/\/new.boxy.ma\/index.php\/wp-json\/wp\/v2\/media?parent=290"}],"wp:term":[{"taxonomy":"product_brand","embeddable":true,"href":"https:\/\/new.boxy.ma\/index.php\/wp-json\/wp\/v2\/product_brand?post=290"},{"taxonomy":"product_cat","embeddable":true,"href":"https:\/\/new.boxy.ma\/index.php\/wp-json\/wp\/v2\/product_cat?post=290"},{"taxonomy":"product_tag","embeddable":true,"href":"https:\/\/new.boxy.ma\/index.php\/wp-json\/wp\/v2\/product_tag?post=290"}],"curies":[{"name":"wp","href":"https:\/\/api.w.org\/{rel}","templated":true}]}}