{"id":285,"date":"2026-04-27T21:33:12","date_gmt":"2026-04-27T19:33:12","guid":{"rendered":"https:\/\/new.boxy.ma\/?post_type=product&#038;p=285"},"modified":"2026-04-27T21:33:21","modified_gmt":"2026-04-27T19:33:21","slug":"sac-cabas-en-papier-kraft-avec-poignee","status":"publish","type":"product","link":"https:\/\/new.boxy.ma\/index.php\/produit\/sac-cabas-en-papier-kraft-avec-poignee\/","title":{"rendered":"Sac Cabas En Papier Kraft Avec Poign\u00e9e"},"content":{"rendered":"<ul>\n<li><strong>Conforme aux normes:<\/strong> CE.<\/li>\n<li><strong>Dimensions:<\/strong> 26+17x31cm <\/li>\n<li><strong>Couleur:<\/strong> Marron, blanc.<\/li>\n<li><strong>Mati\u00e8re:<\/strong> Kraft.<\/li>\n<li><strong>Carton:<\/strong> 250 unit\u00e9s.<\/li>\n<\/ul>\n","protected":false},"excerpt":{"rendered":"<p>Sacs papier \u00e0 poign\u00e9es pour vente \u00e0 emporter pratique et \u00e9conomique<\/p>\n","protected":false},"featured_media":314,"comment_status":"open","ping_status":"closed","template":"","meta":[],"product_brand":[],"product_cat":[39],"product_tag":[40,41,42,43],"class_list":{"0":"post-285","1":"product","2":"type-product","3":"status-publish","4":"has-post-thumbnail","6":"product_cat-sacs-sachets","7":"product_tag-emballage","8":"product_tag-envases","9":"product_tag-packaging","10":"product_tag-sacskraft","12":"first","13":"instock","14":"sale","15":"shipping-taxable","16":"purchasable","17":"product-type-simple"},"_links":{"self":[{"href":"https:\/\/new.boxy.ma\/index.php\/wp-json\/wp\/v2\/product\/285","targetHints":{"allow":["GET"]}}],"collection":[{"href":"https:\/\/new.boxy.ma\/index.php\/wp-json\/wp\/v2\/product"}],"about":[{"href":"https:\/\/new.boxy.ma\/index.php\/wp-json\/wp\/v2\/types\/product"}],"replies":[{"embeddable":true,"href":"https:\/\/new.boxy.ma\/index.php\/wp-json\/wp\/v2\/comments?post=285"}],"wp:featuredmedia":[{"embeddable":true,"href":"https:\/\/new.boxy.ma\/index.php\/wp-json\/wp\/v2\/media\/314"}],"wp:attachment":[{"href":"https:\/\/new.boxy.ma\/index.php\/wp-json\/wp\/v2\/media?parent=285"}],"wp:term":[{"taxonomy":"product_brand","embeddable":true,"href":"https:\/\/new.boxy.ma\/index.php\/wp-json\/wp\/v2\/product_brand?post=285"},{"taxonomy":"product_cat","embeddable":true,"href":"https:\/\/new.boxy.ma\/index.php\/wp-json\/wp\/v2\/product_cat?post=285"},{"taxonomy":"product_tag","embeddable":true,"href":"https:\/\/new.boxy.ma\/index.php\/wp-json\/wp\/v2\/product_tag?post=285"}],"curies":[{"name":"wp","href":"https:\/\/api.w.org\/{rel}","templated":true}]}}